{"id":480,"date":"2025-11-18T02:09:08","date_gmt":"2025-11-18T02:09:08","guid":{"rendered":"https:\/\/soundtherapysystems.net\/?post_type=product&#038;p=480"},"modified":"2025-11-18T02:22:29","modified_gmt":"2025-11-18T02:22:29","slug":"beetle-wave-anxiety-killer","status":"publish","type":"product","link":"https:\/\/soundtherapysystems.net\/?product=beetle-wave-anxiety-killer","title":{"rendered":"Beetle wave \u2013 Anxiety Killer"},"content":{"rendered":"<p>Beetle wave \u2013 Anxiety Killer<\/p>\n<p>Beetle Wave es un peque\u00f1o dispositivo de neuromodulaci\u00f3n dise\u00f1ado para ayudarte a bajar el estr\u00e9s en minutos. Se coloca en la mano y emite micropulsos el\u00e9ctricos y ac\u00fasticos suaves que estimulan receptores nerviosos, favoreciendo la relajaci\u00f3n del sistema nervioso y la sensaci\u00f3n de calma.<\/p>\n<p>Ideal para usar en la oficina, en casa o antes de dormir, Beetle Wave es discreto, recargable y f\u00e1cil de llevar a todas partes. Solo tienes que encenderlo, ajustar la intensidad y dejar que sus pulsos r\u00edtmicos te ayuden a reducir la tensi\u00f3n, la ansiedad ligera y el cansancio mental del d\u00eda a d\u00eda.<\/p>\n<p>&nbsp;<\/p>\n<p><img loading=\"lazy\" decoding=\"async\" class=\"alignnone size-medium wp-image-481\" src=\"https:\/\/soundtherapysystems.net\/wp-content\/uploads\/2025\/11\/IMG-20251117-WA0020-300x300.jpg\" alt=\"\" width=\"300\" height=\"300\" srcset=\"https:\/\/soundtherapysystems.net\/wp-content\/uploads\/2025\/11\/IMG-20251117-WA0020-300x300.jpg 300w, https:\/\/soundtherapysystems.net\/wp-content\/uploads\/2025\/11\/IMG-20251117-WA0020-1024x1024.jpg 1024w, https:\/\/soundtherapysystems.net\/wp-content\/uploads\/2025\/11\/IMG-20251117-WA0020-150x150.jpg 150w, https:\/\/soundtherapysystems.net\/wp-content\/uploads\/2025\/11\/IMG-20251117-WA0020-768x768.jpg 768w, https:\/\/soundtherapysystems.net\/wp-content\/uploads\/2025\/11\/IMG-20251117-WA0020-1536x1536.jpg 1536w, https:\/\/soundtherapysystems.net\/wp-content\/uploads\/2025\/11\/IMG-20251117-WA0020-600x600.jpg 600w, https:\/\/soundtherapysystems.net\/wp-content\/uploads\/2025\/11\/IMG-20251117-WA0020-100x100.jpg 100w, https:\/\/soundtherapysystems.net\/wp-content\/uploads\/2025\/11\/IMG-20251117-WA0020.jpg 1600w\" sizes=\"auto, (max-width: 300px) 100vw, 300px\" \/><\/p>\n<p>Precio: $1500<\/p>\n","protected":false},"excerpt":{"rendered":"<p>Beetle wave \u2013 Anxiety Killer Beetle Wave es un peque\u00f1o dispositivo de neuromodulaci\u00f3n dise\u00f1ado para ayudarte a bajar el estr\u00e9s en minutos. Se coloca en la mano y emite micropulsos el\u00e9ctricos y ac\u00fasticos suaves que estimulan receptores nerviosos, favoreciendo la relajaci\u00f3n del sistema nervioso y la sensaci\u00f3n de calma. Ideal para usar en la oficina,&hellip;<\/p>\n","protected":false},"featured_media":481,"comment_status":"open","ping_status":"closed","template":"","meta":[],"product_brand":[20],"product_cat":[68],"product_tag":[177,176],"class_list":{"0":"post-480","1":"product","2":"type-product","3":"status-publish","4":"has-post-thumbnail","6":"product_brand-sound-therapy-systems","7":"product_cat-bienestar","8":"product_tag-anxiety-killer","9":"product_tag-beetle-wave","11":"first","12":"instock","13":"shipping-taxable","14":"purchasable","15":"product-type-simple"},"yoast_head":"<!-- This site is optimized with the Yoast SEO plugin v24.5 - https:\/\/yoast.com\/wordpress\/plugins\/seo\/ -->\n<title>Beetle wave \u2013 Anxiety Killer - Sound Therapy Systems<\/title>\n<meta name=\"robots\" content=\"index, follow, max-snippet:-1, max-image-preview:large, max-video-preview:-1\" \/>\n<link rel=\"canonical\" href=\"https:\/\/soundtherapysystems.net\/?product=beetle-wave-anxiety-killer\" \/>\n<meta property=\"og:locale\" content=\"es_MX\" \/>\n<meta property=\"og:type\" content=\"article\" \/>\n<meta property=\"og:title\" content=\"Beetle wave \u2013 Anxiety Killer - Sound Therapy Systems\" \/>\n<meta property=\"og:description\" content=\"Beetle wave \u2013 Anxiety Killer Beetle Wave es un peque\u00f1o dispositivo de neuromodulaci\u00f3n dise\u00f1ado para ayudarte a bajar el estr\u00e9s en minutos. Se coloca en la mano y emite micropulsos el\u00e9ctricos y ac\u00fasticos suaves que estimulan receptores nerviosos, favoreciendo la relajaci\u00f3n del sistema nervioso y la sensaci\u00f3n de calma. Ideal para usar en la oficina,&hellip;\" \/>\n<meta property=\"og:url\" content=\"https:\/\/soundtherapysystems.net\/?product=beetle-wave-anxiety-killer\" \/>\n<meta property=\"og:site_name\" content=\"Sound Therapy Systems\" \/>\n<meta property=\"article:modified_time\" content=\"2025-11-18T02:22:29+00:00\" \/>\n<meta property=\"og:image\" content=\"https:\/\/soundtherapysystems.net\/wp-content\/uploads\/2025\/11\/IMG-20251117-WA0020.jpg\" \/>\n\t<meta property=\"og:image:width\" content=\"1600\" \/>\n\t<meta property=\"og:image:height\" content=\"1600\" \/>\n\t<meta property=\"og:image:type\" content=\"image\/jpeg\" \/>\n<meta name=\"twitter:card\" content=\"summary_large_image\" \/>\n<meta name=\"twitter:label1\" content=\"Tiempo de lectura\" \/>\n\t<meta name=\"twitter:data1\" content=\"1 minuto\" \/>\n<script type=\"application\/ld+json\" class=\"yoast-schema-graph\">{\"@context\":\"https:\/\/schema.org\",\"@graph\":[{\"@type\":\"WebPage\",\"@id\":\"https:\/\/soundtherapysystems.net\/?product=beetle-wave-anxiety-killer\",\"url\":\"https:\/\/soundtherapysystems.net\/?product=beetle-wave-anxiety-killer\",\"name\":\"Beetle wave \u2013 Anxiety Killer - Sound Therapy Systems\",\"isPartOf\":{\"@id\":\"https:\/\/soundtherapysystems.net\/#website\"},\"primaryImageOfPage\":{\"@id\":\"https:\/\/soundtherapysystems.net\/?product=beetle-wave-anxiety-killer#primaryimage\"},\"image\":{\"@id\":\"https:\/\/soundtherapysystems.net\/?product=beetle-wave-anxiety-killer#primaryimage\"},\"thumbnailUrl\":\"https:\/\/soundtherapysystems.net\/wp-content\/uploads\/2025\/11\/IMG-20251117-WA0020.jpg\",\"datePublished\":\"2025-11-18T02:09:08+00:00\",\"dateModified\":\"2025-11-18T02:22:29+00:00\",\"breadcrumb\":{\"@id\":\"https:\/\/soundtherapysystems.net\/?product=beetle-wave-anxiety-killer#breadcrumb\"},\"inLanguage\":\"es\",\"potentialAction\":[{\"@type\":\"ReadAction\",\"target\":[\"https:\/\/soundtherapysystems.net\/?product=beetle-wave-anxiety-killer\"]}]},{\"@type\":\"ImageObject\",\"inLanguage\":\"es\",\"@id\":\"https:\/\/soundtherapysystems.net\/?product=beetle-wave-anxiety-killer#primaryimage\",\"url\":\"https:\/\/soundtherapysystems.net\/wp-content\/uploads\/2025\/11\/IMG-20251117-WA0020.jpg\",\"contentUrl\":\"https:\/\/soundtherapysystems.net\/wp-content\/uploads\/2025\/11\/IMG-20251117-WA0020.jpg\",\"width\":1600,\"height\":1600},{\"@type\":\"BreadcrumbList\",\"@id\":\"https:\/\/soundtherapysystems.net\/?product=beetle-wave-anxiety-killer#breadcrumb\",\"itemListElement\":[{\"@type\":\"ListItem\",\"position\":1,\"name\":\"Inicio\",\"item\":\"https:\/\/soundtherapysystems.net\/\"},{\"@type\":\"ListItem\",\"position\":2,\"name\":\"Tienda\",\"item\":\"https:\/\/soundtherapysystems.net\/\"},{\"@type\":\"ListItem\",\"position\":3,\"name\":\"Beetle wave \u2013 Anxiety Killer\"}]},{\"@type\":\"WebSite\",\"@id\":\"https:\/\/soundtherapysystems.net\/#website\",\"url\":\"https:\/\/soundtherapysystems.net\/\",\"name\":\"Sound Therapy Systems\",\"description\":\"Equipos Especializados en Sonoterapia \u2013 The Healing Sound\",\"publisher\":{\"@id\":\"https:\/\/soundtherapysystems.net\/#organization\"},\"potentialAction\":[{\"@type\":\"SearchAction\",\"target\":{\"@type\":\"EntryPoint\",\"urlTemplate\":\"https:\/\/soundtherapysystems.net\/?s={search_term_string}\"},\"query-input\":{\"@type\":\"PropertyValueSpecification\",\"valueRequired\":true,\"valueName\":\"search_term_string\"}}],\"inLanguage\":\"es\"},{\"@type\":\"Organization\",\"@id\":\"https:\/\/soundtherapysystems.net\/#organization\",\"name\":\"Sound Therapy Systems\",\"url\":\"https:\/\/soundtherapysystems.net\/\",\"logo\":{\"@type\":\"ImageObject\",\"inLanguage\":\"es\",\"@id\":\"https:\/\/soundtherapysystems.net\/#\/schema\/logo\/image\/\",\"url\":\"https:\/\/soundtherapysystems.net\/wp-content\/uploads\/2025\/03\/cropped-logo-large.png\",\"contentUrl\":\"https:\/\/soundtherapysystems.net\/wp-content\/uploads\/2025\/03\/cropped-logo-large.png\",\"width\":963,\"height\":287,\"caption\":\"Sound Therapy Systems\"},\"image\":{\"@id\":\"https:\/\/soundtherapysystems.net\/#\/schema\/logo\/image\/\"}}]}<\/script>\n<!-- \/ Yoast SEO plugin. -->","yoast_head_json":{"title":"Beetle wave \u2013 Anxiety Killer - Sound Therapy Systems","robots":{"index":"index","follow":"follow","max-snippet":"max-snippet:-1","max-image-preview":"max-image-preview:large","max-video-preview":"max-video-preview:-1"},"canonical":"https:\/\/soundtherapysystems.net\/?product=beetle-wave-anxiety-killer","og_locale":"es_MX","og_type":"article","og_title":"Beetle wave \u2013 Anxiety Killer - Sound Therapy Systems","og_description":"Beetle wave \u2013 Anxiety Killer Beetle Wave es un peque\u00f1o dispositivo de neuromodulaci\u00f3n dise\u00f1ado para ayudarte a bajar el estr\u00e9s en minutos. Se coloca en la mano y emite micropulsos el\u00e9ctricos y ac\u00fasticos suaves que estimulan receptores nerviosos, favoreciendo la relajaci\u00f3n del sistema nervioso y la sensaci\u00f3n de calma. Ideal para usar en la oficina,&hellip;","og_url":"https:\/\/soundtherapysystems.net\/?product=beetle-wave-anxiety-killer","og_site_name":"Sound Therapy Systems","article_modified_time":"2025-11-18T02:22:29+00:00","og_image":[{"width":1600,"height":1600,"url":"https:\/\/soundtherapysystems.net\/wp-content\/uploads\/2025\/11\/IMG-20251117-WA0020.jpg","type":"image\/jpeg"}],"twitter_card":"summary_large_image","twitter_misc":{"Tiempo de lectura":"1 minuto"},"schema":{"@context":"https:\/\/schema.org","@graph":[{"@type":"WebPage","@id":"https:\/\/soundtherapysystems.net\/?product=beetle-wave-anxiety-killer","url":"https:\/\/soundtherapysystems.net\/?product=beetle-wave-anxiety-killer","name":"Beetle wave \u2013 Anxiety Killer - Sound Therapy Systems","isPartOf":{"@id":"https:\/\/soundtherapysystems.net\/#website"},"primaryImageOfPage":{"@id":"https:\/\/soundtherapysystems.net\/?product=beetle-wave-anxiety-killer#primaryimage"},"image":{"@id":"https:\/\/soundtherapysystems.net\/?product=beetle-wave-anxiety-killer#primaryimage"},"thumbnailUrl":"https:\/\/soundtherapysystems.net\/wp-content\/uploads\/2025\/11\/IMG-20251117-WA0020.jpg","datePublished":"2025-11-18T02:09:08+00:00","dateModified":"2025-11-18T02:22:29+00:00","breadcrumb":{"@id":"https:\/\/soundtherapysystems.net\/?product=beetle-wave-anxiety-killer#breadcrumb"},"inLanguage":"es","potentialAction":[{"@type":"ReadAction","target":["https:\/\/soundtherapysystems.net\/?product=beetle-wave-anxiety-killer"]}]},{"@type":"ImageObject","inLanguage":"es","@id":"https:\/\/soundtherapysystems.net\/?product=beetle-wave-anxiety-killer#primaryimage","url":"https:\/\/soundtherapysystems.net\/wp-content\/uploads\/2025\/11\/IMG-20251117-WA0020.jpg","contentUrl":"https:\/\/soundtherapysystems.net\/wp-content\/uploads\/2025\/11\/IMG-20251117-WA0020.jpg","width":1600,"height":1600},{"@type":"BreadcrumbList","@id":"https:\/\/soundtherapysystems.net\/?product=beetle-wave-anxiety-killer#breadcrumb","itemListElement":[{"@type":"ListItem","position":1,"name":"Inicio","item":"https:\/\/soundtherapysystems.net\/"},{"@type":"ListItem","position":2,"name":"Tienda","item":"https:\/\/soundtherapysystems.net\/"},{"@type":"ListItem","position":3,"name":"Beetle wave \u2013 Anxiety Killer"}]},{"@type":"WebSite","@id":"https:\/\/soundtherapysystems.net\/#website","url":"https:\/\/soundtherapysystems.net\/","name":"Sound Therapy Systems","description":"Equipos Especializados en Sonoterapia \u2013 The Healing Sound","publisher":{"@id":"https:\/\/soundtherapysystems.net\/#organization"},"potentialAction":[{"@type":"SearchAction","target":{"@type":"EntryPoint","urlTemplate":"https:\/\/soundtherapysystems.net\/?s={search_term_string}"},"query-input":{"@type":"PropertyValueSpecification","valueRequired":true,"valueName":"search_term_string"}}],"inLanguage":"es"},{"@type":"Organization","@id":"https:\/\/soundtherapysystems.net\/#organization","name":"Sound Therapy Systems","url":"https:\/\/soundtherapysystems.net\/","logo":{"@type":"ImageObject","inLanguage":"es","@id":"https:\/\/soundtherapysystems.net\/#\/schema\/logo\/image\/","url":"https:\/\/soundtherapysystems.net\/wp-content\/uploads\/2025\/03\/cropped-logo-large.png","contentUrl":"https:\/\/soundtherapysystems.net\/wp-content\/uploads\/2025\/03\/cropped-logo-large.png","width":963,"height":287,"caption":"Sound Therapy Systems"},"image":{"@id":"https:\/\/soundtherapysystems.net\/#\/schema\/logo\/image\/"}}]}},"jetpack_sharing_enabled":true,"_links":{"self":[{"href":"https:\/\/soundtherapysystems.net\/index.php?rest_route=\/wp\/v2\/product\/480","targetHints":{"allow":["GET"]}}],"collection":[{"href":"https:\/\/soundtherapysystems.net\/index.php?rest_route=\/wp\/v2\/product"}],"about":[{"href":"https:\/\/soundtherapysystems.net\/index.php?rest_route=\/wp\/v2\/types\/product"}],"replies":[{"embeddable":true,"href":"https:\/\/soundtherapysystems.net\/index.php?rest_route=%2Fwp%2Fv2%2Fcomments&post=480"}],"wp:featuredmedia":[{"embeddable":true,"href":"https:\/\/soundtherapysystems.net\/index.php?rest_route=\/wp\/v2\/media\/481"}],"wp:attachment":[{"href":"https:\/\/soundtherapysystems.net\/index.php?rest_route=%2Fwp%2Fv2%2Fmedia&parent=480"}],"wp:term":[{"taxonomy":"product_brand","embeddable":true,"href":"https:\/\/soundtherapysystems.net\/index.php?rest_route=%2Fwp%2Fv2%2Fproduct_brand&post=480"},{"taxonomy":"product_cat","embeddable":true,"href":"https:\/\/soundtherapysystems.net\/index.php?rest_route=%2Fwp%2Fv2%2Fproduct_cat&post=480"},{"taxonomy":"product_tag","embeddable":true,"href":"https:\/\/soundtherapysystems.net\/index.php?rest_route=%2Fwp%2Fv2%2Fproduct_tag&post=480"}],"curies":[{"name":"wp","href":"https:\/\/api.w.org\/{rel}","templated":true}]}}