{"id":459,"date":"2025-11-15T04:38:53","date_gmt":"2025-11-15T04:38:53","guid":{"rendered":"https:\/\/soundtherapysystems.net\/?post_type=product&#038;p=459"},"modified":"2025-11-15T04:39:24","modified_gmt":"2025-11-15T04:39:24","slug":"neuroface-estimulador-facial-inteligente","status":"publish","type":"product","link":"https:\/\/soundtherapysystems.net\/?product=neuroface-estimulador-facial-inteligente","title":{"rendered":"NEUROFACE\u2122 \u2013 Estimulador Facial Inteligente"},"content":{"rendered":"<p>Dispositivo vibroel\u00e9ctrico con microcorrientes EMS y vibraci\u00f3n ac\u00fastica para tonificar m\u00fasculos, regenerar tejido y estimular los nervios vago y trig\u00e9mino. Su dise\u00f1o ergon\u00f3mico incluye sincronizaci\u00f3n autom\u00e1tica, carga magn\u00e9tica tipo C y terapia LED para mejorar la circulaci\u00f3n, reducir l\u00edneas de expresi\u00f3n y promover relajaci\u00f3n profunda. Ideal para rehabilitaci\u00f3n neuromuscular, est\u00e9tica facial y bienestar integral.<\/p>\n<p><img loading=\"lazy\" decoding=\"async\" class=\"aligncenter wp-image-391 size-large\" src=\"https:\/\/soundtherapysystems.net\/wp-content\/uploads\/2025\/11\/neuroface-1024x1024.jpg\" alt=\"\" width=\"1024\" height=\"1024\" srcset=\"https:\/\/soundtherapysystems.net\/wp-content\/uploads\/2025\/11\/neuroface-1024x1024.jpg 1024w, https:\/\/soundtherapysystems.net\/wp-content\/uploads\/2025\/11\/neuroface-300x300.jpg 300w, https:\/\/soundtherapysystems.net\/wp-content\/uploads\/2025\/11\/neuroface-150x150.jpg 150w, https:\/\/soundtherapysystems.net\/wp-content\/uploads\/2025\/11\/neuroface-768x768.jpg 768w, https:\/\/soundtherapysystems.net\/wp-content\/uploads\/2025\/11\/neuroface-1536x1536.jpg 1536w, https:\/\/soundtherapysystems.net\/wp-content\/uploads\/2025\/11\/neuroface-600x600.jpg 600w, https:\/\/soundtherapysystems.net\/wp-content\/uploads\/2025\/11\/neuroface-100x100.jpg 100w, https:\/\/soundtherapysystems.net\/wp-content\/uploads\/2025\/11\/neuroface.jpg 2000w\" sizes=\"auto, (max-width: 1024px) 100vw, 1024px\" \/><\/p>\n","protected":false},"excerpt":{"rendered":"<p>\u2014 Estimulador facial con EMS, vibraci\u00f3n y terapia LED.<\/p>\n","protected":false},"featured_media":391,"comment_status":"open","ping_status":"closed","template":"","meta":[],"product_brand":[20],"product_cat":[68,166,91],"product_tag":[162,36,169],"class_list":{"0":"post-459","1":"product","2":"type-product","3":"status-publish","4":"has-post-thumbnail","6":"product_brand-sound-therapy-systems","7":"product_cat-bienestar","8":"product_cat-electroestimulacion","9":"product_cat-terapias-faciales","10":"product_tag-bienestar","11":"product_tag-terapia","12":"product_tag-vibroelectrico","14":"first","15":"instock","16":"shipping-taxable","17":"purchasable","18":"product-type-simple"},"yoast_head":"<!-- This site is optimized with the Yoast SEO plugin v24.5 - https:\/\/yoast.com\/wordpress\/plugins\/seo\/ -->\n<title>NEUROFACE\u2122 \u2013 Estimulador Facial Inteligente - Sound Therapy Systems<\/title>\n<meta name=\"robots\" content=\"index, follow, max-snippet:-1, max-image-preview:large, max-video-preview:-1\" \/>\n<link rel=\"canonical\" href=\"https:\/\/soundtherapysystems.net\/?product=neuroface-estimulador-facial-inteligente\" \/>\n<meta property=\"og:locale\" content=\"es_MX\" \/>\n<meta property=\"og:type\" content=\"article\" \/>\n<meta property=\"og:title\" content=\"NEUROFACE\u2122 \u2013 Estimulador Facial Inteligente - Sound Therapy Systems\" \/>\n<meta property=\"og:description\" content=\"\u2014 Estimulador facial con EMS, vibraci\u00f3n y terapia LED.\" \/>\n<meta property=\"og:url\" content=\"https:\/\/soundtherapysystems.net\/?product=neuroface-estimulador-facial-inteligente\" \/>\n<meta property=\"og:site_name\" content=\"Sound Therapy Systems\" \/>\n<meta property=\"article:modified_time\" content=\"2025-11-15T04:39:24+00:00\" \/>\n<meta property=\"og:image\" content=\"https:\/\/soundtherapysystems.net\/wp-content\/uploads\/2025\/11\/neuroface.jpg\" \/>\n\t<meta property=\"og:image:width\" content=\"2000\" \/>\n\t<meta property=\"og:image:height\" content=\"2000\" \/>\n\t<meta property=\"og:image:type\" content=\"image\/jpeg\" \/>\n<meta name=\"twitter:card\" content=\"summary_large_image\" \/>\n<meta name=\"twitter:label1\" content=\"Tiempo de lectura\" \/>\n\t<meta name=\"twitter:data1\" content=\"1 minuto\" \/>\n<script type=\"application\/ld+json\" class=\"yoast-schema-graph\">{\"@context\":\"https:\/\/schema.org\",\"@graph\":[{\"@type\":\"WebPage\",\"@id\":\"https:\/\/soundtherapysystems.net\/?product=neuroface-estimulador-facial-inteligente\",\"url\":\"https:\/\/soundtherapysystems.net\/?product=neuroface-estimulador-facial-inteligente\",\"name\":\"NEUROFACE\u2122 \u2013 Estimulador Facial Inteligente - Sound Therapy Systems\",\"isPartOf\":{\"@id\":\"https:\/\/soundtherapysystems.net\/#website\"},\"primaryImageOfPage\":{\"@id\":\"https:\/\/soundtherapysystems.net\/?product=neuroface-estimulador-facial-inteligente#primaryimage\"},\"image\":{\"@id\":\"https:\/\/soundtherapysystems.net\/?product=neuroface-estimulador-facial-inteligente#primaryimage\"},\"thumbnailUrl\":\"https:\/\/soundtherapysystems.net\/wp-content\/uploads\/2025\/11\/neuroface.jpg\",\"datePublished\":\"2025-11-15T04:38:53+00:00\",\"dateModified\":\"2025-11-15T04:39:24+00:00\",\"breadcrumb\":{\"@id\":\"https:\/\/soundtherapysystems.net\/?product=neuroface-estimulador-facial-inteligente#breadcrumb\"},\"inLanguage\":\"es\",\"potentialAction\":[{\"@type\":\"ReadAction\",\"target\":[\"https:\/\/soundtherapysystems.net\/?product=neuroface-estimulador-facial-inteligente\"]}]},{\"@type\":\"ImageObject\",\"inLanguage\":\"es\",\"@id\":\"https:\/\/soundtherapysystems.net\/?product=neuroface-estimulador-facial-inteligente#primaryimage\",\"url\":\"https:\/\/soundtherapysystems.net\/wp-content\/uploads\/2025\/11\/neuroface.jpg\",\"contentUrl\":\"https:\/\/soundtherapysystems.net\/wp-content\/uploads\/2025\/11\/neuroface.jpg\",\"width\":2000,\"height\":2000},{\"@type\":\"BreadcrumbList\",\"@id\":\"https:\/\/soundtherapysystems.net\/?product=neuroface-estimulador-facial-inteligente#breadcrumb\",\"itemListElement\":[{\"@type\":\"ListItem\",\"position\":1,\"name\":\"Inicio\",\"item\":\"https:\/\/soundtherapysystems.net\/\"},{\"@type\":\"ListItem\",\"position\":2,\"name\":\"Tienda\",\"item\":\"https:\/\/soundtherapysystems.net\/\"},{\"@type\":\"ListItem\",\"position\":3,\"name\":\"NEUROFACE\u2122 \u2013 Estimulador Facial Inteligente\"}]},{\"@type\":\"WebSite\",\"@id\":\"https:\/\/soundtherapysystems.net\/#website\",\"url\":\"https:\/\/soundtherapysystems.net\/\",\"name\":\"Sound Therapy Systems\",\"description\":\"Equipos Especializados en Sonoterapia \u2013 The Healing Sound\",\"publisher\":{\"@id\":\"https:\/\/soundtherapysystems.net\/#organization\"},\"potentialAction\":[{\"@type\":\"SearchAction\",\"target\":{\"@type\":\"EntryPoint\",\"urlTemplate\":\"https:\/\/soundtherapysystems.net\/?s={search_term_string}\"},\"query-input\":{\"@type\":\"PropertyValueSpecification\",\"valueRequired\":true,\"valueName\":\"search_term_string\"}}],\"inLanguage\":\"es\"},{\"@type\":\"Organization\",\"@id\":\"https:\/\/soundtherapysystems.net\/#organization\",\"name\":\"Sound Therapy Systems\",\"url\":\"https:\/\/soundtherapysystems.net\/\",\"logo\":{\"@type\":\"ImageObject\",\"inLanguage\":\"es\",\"@id\":\"https:\/\/soundtherapysystems.net\/#\/schema\/logo\/image\/\",\"url\":\"https:\/\/soundtherapysystems.net\/wp-content\/uploads\/2025\/03\/cropped-logo-large.png\",\"contentUrl\":\"https:\/\/soundtherapysystems.net\/wp-content\/uploads\/2025\/03\/cropped-logo-large.png\",\"width\":963,\"height\":287,\"caption\":\"Sound Therapy Systems\"},\"image\":{\"@id\":\"https:\/\/soundtherapysystems.net\/#\/schema\/logo\/image\/\"}}]}<\/script>\n<!-- \/ Yoast SEO plugin. -->","yoast_head_json":{"title":"NEUROFACE\u2122 \u2013 Estimulador Facial Inteligente - Sound Therapy Systems","robots":{"index":"index","follow":"follow","max-snippet":"max-snippet:-1","max-image-preview":"max-image-preview:large","max-video-preview":"max-video-preview:-1"},"canonical":"https:\/\/soundtherapysystems.net\/?product=neuroface-estimulador-facial-inteligente","og_locale":"es_MX","og_type":"article","og_title":"NEUROFACE\u2122 \u2013 Estimulador Facial Inteligente - Sound Therapy Systems","og_description":"\u2014 Estimulador facial con EMS, vibraci\u00f3n y terapia LED.","og_url":"https:\/\/soundtherapysystems.net\/?product=neuroface-estimulador-facial-inteligente","og_site_name":"Sound Therapy Systems","article_modified_time":"2025-11-15T04:39:24+00:00","og_image":[{"width":2000,"height":2000,"url":"https:\/\/soundtherapysystems.net\/wp-content\/uploads\/2025\/11\/neuroface.jpg","type":"image\/jpeg"}],"twitter_card":"summary_large_image","twitter_misc":{"Tiempo de lectura":"1 minuto"},"schema":{"@context":"https:\/\/schema.org","@graph":[{"@type":"WebPage","@id":"https:\/\/soundtherapysystems.net\/?product=neuroface-estimulador-facial-inteligente","url":"https:\/\/soundtherapysystems.net\/?product=neuroface-estimulador-facial-inteligente","name":"NEUROFACE\u2122 \u2013 Estimulador Facial Inteligente - Sound Therapy Systems","isPartOf":{"@id":"https:\/\/soundtherapysystems.net\/#website"},"primaryImageOfPage":{"@id":"https:\/\/soundtherapysystems.net\/?product=neuroface-estimulador-facial-inteligente#primaryimage"},"image":{"@id":"https:\/\/soundtherapysystems.net\/?product=neuroface-estimulador-facial-inteligente#primaryimage"},"thumbnailUrl":"https:\/\/soundtherapysystems.net\/wp-content\/uploads\/2025\/11\/neuroface.jpg","datePublished":"2025-11-15T04:38:53+00:00","dateModified":"2025-11-15T04:39:24+00:00","breadcrumb":{"@id":"https:\/\/soundtherapysystems.net\/?product=neuroface-estimulador-facial-inteligente#breadcrumb"},"inLanguage":"es","potentialAction":[{"@type":"ReadAction","target":["https:\/\/soundtherapysystems.net\/?product=neuroface-estimulador-facial-inteligente"]}]},{"@type":"ImageObject","inLanguage":"es","@id":"https:\/\/soundtherapysystems.net\/?product=neuroface-estimulador-facial-inteligente#primaryimage","url":"https:\/\/soundtherapysystems.net\/wp-content\/uploads\/2025\/11\/neuroface.jpg","contentUrl":"https:\/\/soundtherapysystems.net\/wp-content\/uploads\/2025\/11\/neuroface.jpg","width":2000,"height":2000},{"@type":"BreadcrumbList","@id":"https:\/\/soundtherapysystems.net\/?product=neuroface-estimulador-facial-inteligente#breadcrumb","itemListElement":[{"@type":"ListItem","position":1,"name":"Inicio","item":"https:\/\/soundtherapysystems.net\/"},{"@type":"ListItem","position":2,"name":"Tienda","item":"https:\/\/soundtherapysystems.net\/"},{"@type":"ListItem","position":3,"name":"NEUROFACE\u2122 \u2013 Estimulador Facial Inteligente"}]},{"@type":"WebSite","@id":"https:\/\/soundtherapysystems.net\/#website","url":"https:\/\/soundtherapysystems.net\/","name":"Sound Therapy Systems","description":"Equipos Especializados en Sonoterapia \u2013 The Healing Sound","publisher":{"@id":"https:\/\/soundtherapysystems.net\/#organization"},"potentialAction":[{"@type":"SearchAction","target":{"@type":"EntryPoint","urlTemplate":"https:\/\/soundtherapysystems.net\/?s={search_term_string}"},"query-input":{"@type":"PropertyValueSpecification","valueRequired":true,"valueName":"search_term_string"}}],"inLanguage":"es"},{"@type":"Organization","@id":"https:\/\/soundtherapysystems.net\/#organization","name":"Sound Therapy Systems","url":"https:\/\/soundtherapysystems.net\/","logo":{"@type":"ImageObject","inLanguage":"es","@id":"https:\/\/soundtherapysystems.net\/#\/schema\/logo\/image\/","url":"https:\/\/soundtherapysystems.net\/wp-content\/uploads\/2025\/03\/cropped-logo-large.png","contentUrl":"https:\/\/soundtherapysystems.net\/wp-content\/uploads\/2025\/03\/cropped-logo-large.png","width":963,"height":287,"caption":"Sound Therapy Systems"},"image":{"@id":"https:\/\/soundtherapysystems.net\/#\/schema\/logo\/image\/"}}]}},"jetpack_sharing_enabled":true,"_links":{"self":[{"href":"https:\/\/soundtherapysystems.net\/index.php?rest_route=\/wp\/v2\/product\/459","targetHints":{"allow":["GET"]}}],"collection":[{"href":"https:\/\/soundtherapysystems.net\/index.php?rest_route=\/wp\/v2\/product"}],"about":[{"href":"https:\/\/soundtherapysystems.net\/index.php?rest_route=\/wp\/v2\/types\/product"}],"replies":[{"embeddable":true,"href":"https:\/\/soundtherapysystems.net\/index.php?rest_route=%2Fwp%2Fv2%2Fcomments&post=459"}],"wp:featuredmedia":[{"embeddable":true,"href":"https:\/\/soundtherapysystems.net\/index.php?rest_route=\/wp\/v2\/media\/391"}],"wp:attachment":[{"href":"https:\/\/soundtherapysystems.net\/index.php?rest_route=%2Fwp%2Fv2%2Fmedia&parent=459"}],"wp:term":[{"taxonomy":"product_brand","embeddable":true,"href":"https:\/\/soundtherapysystems.net\/index.php?rest_route=%2Fwp%2Fv2%2Fproduct_brand&post=459"},{"taxonomy":"product_cat","embeddable":true,"href":"https:\/\/soundtherapysystems.net\/index.php?rest_route=%2Fwp%2Fv2%2Fproduct_cat&post=459"},{"taxonomy":"product_tag","embeddable":true,"href":"https:\/\/soundtherapysystems.net\/index.php?rest_route=%2Fwp%2Fv2%2Fproduct_tag&post=459"}],"curies":[{"name":"wp","href":"https:\/\/api.w.org\/{rel}","templated":true}]}}