{"id":448,"date":"2025-11-15T04:06:43","date_gmt":"2025-11-15T04:06:43","guid":{"rendered":"https:\/\/soundtherapysystems.net\/?post_type=product&#038;p=448"},"modified":"2025-11-15T04:06:43","modified_gmt":"2025-11-15T04:06:43","slug":"hanpan-steeldrum-aleman","status":"publish","type":"product","link":"https:\/\/soundtherapysystems.net\/?product=hanpan-steeldrum-aleman","title":{"rendered":"Hanpan \u2013 Steeldrum Alem\u00e1n"},"content":{"rendered":"<p>Instrumento mel\u00f3dico de acero nitrurado o inoxidable (seg\u00fan modelo), con 10 notas en escala diat\u00f3nica y afinaci\u00f3n est\u00e1ndar de 440 Hz (opcional 432 Hz). Su timbre es suave, arm\u00f3nico y envolvente, con sustain largo y resonancia tridimensional. Mide 60 cm de di\u00e1metro por 28 cm de alto, con un peso entre 4.5 y 5.5 kg. Acabado satinado o pavonado artesanal en tonos bronce, azul, titanio o gris oscuro. Incluye funda acolchada, base de apoyo y pa\u00f1o de limpieza. Ideal para meditaci\u00f3n, sonoterapia, conciertos ac\u00fasticos y pr\u00e1cticas de bienestar integral.<br \/>\n\u2014 Hanpan artesanal bajo pedido.<\/p>\n<p><img loading=\"lazy\" decoding=\"async\" class=\"aligncenter wp-image-380 size-large\" src=\"https:\/\/soundtherapysystems.net\/wp-content\/uploads\/2025\/11\/hanpan-1024x1024.jpg\" alt=\"\" width=\"1024\" height=\"1024\" srcset=\"https:\/\/soundtherapysystems.net\/wp-content\/uploads\/2025\/11\/hanpan-1024x1024.jpg 1024w, https:\/\/soundtherapysystems.net\/wp-content\/uploads\/2025\/11\/hanpan-300x300.jpg 300w, https:\/\/soundtherapysystems.net\/wp-content\/uploads\/2025\/11\/hanpan-150x150.jpg 150w, https:\/\/soundtherapysystems.net\/wp-content\/uploads\/2025\/11\/hanpan-768x768.jpg 768w, https:\/\/soundtherapysystems.net\/wp-content\/uploads\/2025\/11\/hanpan-1536x1536.jpg 1536w, https:\/\/soundtherapysystems.net\/wp-content\/uploads\/2025\/11\/hanpan-600x600.jpg 600w, https:\/\/soundtherapysystems.net\/wp-content\/uploads\/2025\/11\/hanpan-100x100.jpg 100w, https:\/\/soundtherapysystems.net\/wp-content\/uploads\/2025\/11\/hanpan.jpg 2000w\" sizes=\"auto, (max-width: 1024px) 100vw, 1024px\" \/><\/p>\n","protected":false},"excerpt":{"rendered":"<p>\u2014 Hanpan artesanal bajo pedido.<\/p>\n","protected":false},"featured_media":380,"comment_status":"open","ping_status":"closed","template":"","meta":[],"product_brand":[20],"product_cat":[72,18,24],"product_tag":[101,160,22],"class_list":{"0":"post-448","1":"product","2":"type-product","3":"status-publish","4":"has-post-thumbnail","6":"product_brand-sound-therapy-systems","7":"product_cat-instrumentos-ancestrales","8":"product_cat-musicoterapia","9":"product_cat-sonoterapia","10":"product_tag-hanpan","11":"product_tag-instrumentos-ancestrales","12":"product_tag-musicoterapia","14":"first","15":"instock","16":"shipping-taxable","17":"purchasable","18":"product-type-simple"},"yoast_head":"<!-- This site is optimized with the Yoast SEO plugin v24.5 - https:\/\/yoast.com\/wordpress\/plugins\/seo\/ -->\n<title>Hanpan \u2013 Steeldrum Alem\u00e1n - Sound Therapy Systems<\/title>\n<meta name=\"robots\" content=\"index, follow, max-snippet:-1, max-image-preview:large, max-video-preview:-1\" \/>\n<link rel=\"canonical\" href=\"https:\/\/soundtherapysystems.net\/?product=hanpan-steeldrum-aleman\" \/>\n<meta property=\"og:locale\" content=\"es_MX\" \/>\n<meta property=\"og:type\" content=\"article\" \/>\n<meta property=\"og:title\" content=\"Hanpan \u2013 Steeldrum Alem\u00e1n - Sound Therapy Systems\" \/>\n<meta property=\"og:description\" content=\"\u2014 Hanpan artesanal bajo pedido.\" \/>\n<meta property=\"og:url\" content=\"https:\/\/soundtherapysystems.net\/?product=hanpan-steeldrum-aleman\" \/>\n<meta property=\"og:site_name\" content=\"Sound Therapy Systems\" \/>\n<meta property=\"og:image\" content=\"https:\/\/soundtherapysystems.net\/wp-content\/uploads\/2025\/11\/hanpan.jpg\" \/>\n\t<meta property=\"og:image:width\" content=\"2000\" \/>\n\t<meta property=\"og:image:height\" content=\"2000\" \/>\n\t<meta property=\"og:image:type\" content=\"image\/jpeg\" \/>\n<meta name=\"twitter:card\" content=\"summary_large_image\" \/>\n<meta name=\"twitter:label1\" content=\"Tiempo de lectura\" \/>\n\t<meta name=\"twitter:data1\" content=\"1 minuto\" \/>\n<script type=\"application\/ld+json\" class=\"yoast-schema-graph\">{\"@context\":\"https:\/\/schema.org\",\"@graph\":[{\"@type\":\"WebPage\",\"@id\":\"https:\/\/soundtherapysystems.net\/?product=hanpan-steeldrum-aleman\",\"url\":\"https:\/\/soundtherapysystems.net\/?product=hanpan-steeldrum-aleman\",\"name\":\"Hanpan \u2013 Steeldrum Alem\u00e1n - Sound Therapy Systems\",\"isPartOf\":{\"@id\":\"https:\/\/soundtherapysystems.net\/#website\"},\"primaryImageOfPage\":{\"@id\":\"https:\/\/soundtherapysystems.net\/?product=hanpan-steeldrum-aleman#primaryimage\"},\"image\":{\"@id\":\"https:\/\/soundtherapysystems.net\/?product=hanpan-steeldrum-aleman#primaryimage\"},\"thumbnailUrl\":\"https:\/\/soundtherapysystems.net\/wp-content\/uploads\/2025\/11\/hanpan.jpg\",\"datePublished\":\"2025-11-15T04:06:43+00:00\",\"breadcrumb\":{\"@id\":\"https:\/\/soundtherapysystems.net\/?product=hanpan-steeldrum-aleman#breadcrumb\"},\"inLanguage\":\"es\",\"potentialAction\":[{\"@type\":\"ReadAction\",\"target\":[\"https:\/\/soundtherapysystems.net\/?product=hanpan-steeldrum-aleman\"]}]},{\"@type\":\"ImageObject\",\"inLanguage\":\"es\",\"@id\":\"https:\/\/soundtherapysystems.net\/?product=hanpan-steeldrum-aleman#primaryimage\",\"url\":\"https:\/\/soundtherapysystems.net\/wp-content\/uploads\/2025\/11\/hanpan.jpg\",\"contentUrl\":\"https:\/\/soundtherapysystems.net\/wp-content\/uploads\/2025\/11\/hanpan.jpg\",\"width\":2000,\"height\":2000},{\"@type\":\"BreadcrumbList\",\"@id\":\"https:\/\/soundtherapysystems.net\/?product=hanpan-steeldrum-aleman#breadcrumb\",\"itemListElement\":[{\"@type\":\"ListItem\",\"position\":1,\"name\":\"Inicio\",\"item\":\"https:\/\/soundtherapysystems.net\/\"},{\"@type\":\"ListItem\",\"position\":2,\"name\":\"Tienda\",\"item\":\"https:\/\/soundtherapysystems.net\/\"},{\"@type\":\"ListItem\",\"position\":3,\"name\":\"Hanpan \u2013 Steeldrum Alem\u00e1n\"}]},{\"@type\":\"WebSite\",\"@id\":\"https:\/\/soundtherapysystems.net\/#website\",\"url\":\"https:\/\/soundtherapysystems.net\/\",\"name\":\"Sound Therapy Systems\",\"description\":\"Equipos Especializados en Sonoterapia \u2013 The Healing Sound\",\"publisher\":{\"@id\":\"https:\/\/soundtherapysystems.net\/#organization\"},\"potentialAction\":[{\"@type\":\"SearchAction\",\"target\":{\"@type\":\"EntryPoint\",\"urlTemplate\":\"https:\/\/soundtherapysystems.net\/?s={search_term_string}\"},\"query-input\":{\"@type\":\"PropertyValueSpecification\",\"valueRequired\":true,\"valueName\":\"search_term_string\"}}],\"inLanguage\":\"es\"},{\"@type\":\"Organization\",\"@id\":\"https:\/\/soundtherapysystems.net\/#organization\",\"name\":\"Sound Therapy Systems\",\"url\":\"https:\/\/soundtherapysystems.net\/\",\"logo\":{\"@type\":\"ImageObject\",\"inLanguage\":\"es\",\"@id\":\"https:\/\/soundtherapysystems.net\/#\/schema\/logo\/image\/\",\"url\":\"https:\/\/soundtherapysystems.net\/wp-content\/uploads\/2025\/03\/cropped-logo-large.png\",\"contentUrl\":\"https:\/\/soundtherapysystems.net\/wp-content\/uploads\/2025\/03\/cropped-logo-large.png\",\"width\":963,\"height\":287,\"caption\":\"Sound Therapy Systems\"},\"image\":{\"@id\":\"https:\/\/soundtherapysystems.net\/#\/schema\/logo\/image\/\"}}]}<\/script>\n<!-- \/ Yoast SEO plugin. -->","yoast_head_json":{"title":"Hanpan \u2013 Steeldrum Alem\u00e1n - Sound Therapy Systems","robots":{"index":"index","follow":"follow","max-snippet":"max-snippet:-1","max-image-preview":"max-image-preview:large","max-video-preview":"max-video-preview:-1"},"canonical":"https:\/\/soundtherapysystems.net\/?product=hanpan-steeldrum-aleman","og_locale":"es_MX","og_type":"article","og_title":"Hanpan \u2013 Steeldrum Alem\u00e1n - Sound Therapy Systems","og_description":"\u2014 Hanpan artesanal bajo pedido.","og_url":"https:\/\/soundtherapysystems.net\/?product=hanpan-steeldrum-aleman","og_site_name":"Sound Therapy Systems","og_image":[{"width":2000,"height":2000,"url":"https:\/\/soundtherapysystems.net\/wp-content\/uploads\/2025\/11\/hanpan.jpg","type":"image\/jpeg"}],"twitter_card":"summary_large_image","twitter_misc":{"Tiempo de lectura":"1 minuto"},"schema":{"@context":"https:\/\/schema.org","@graph":[{"@type":"WebPage","@id":"https:\/\/soundtherapysystems.net\/?product=hanpan-steeldrum-aleman","url":"https:\/\/soundtherapysystems.net\/?product=hanpan-steeldrum-aleman","name":"Hanpan \u2013 Steeldrum Alem\u00e1n - Sound Therapy Systems","isPartOf":{"@id":"https:\/\/soundtherapysystems.net\/#website"},"primaryImageOfPage":{"@id":"https:\/\/soundtherapysystems.net\/?product=hanpan-steeldrum-aleman#primaryimage"},"image":{"@id":"https:\/\/soundtherapysystems.net\/?product=hanpan-steeldrum-aleman#primaryimage"},"thumbnailUrl":"https:\/\/soundtherapysystems.net\/wp-content\/uploads\/2025\/11\/hanpan.jpg","datePublished":"2025-11-15T04:06:43+00:00","breadcrumb":{"@id":"https:\/\/soundtherapysystems.net\/?product=hanpan-steeldrum-aleman#breadcrumb"},"inLanguage":"es","potentialAction":[{"@type":"ReadAction","target":["https:\/\/soundtherapysystems.net\/?product=hanpan-steeldrum-aleman"]}]},{"@type":"ImageObject","inLanguage":"es","@id":"https:\/\/soundtherapysystems.net\/?product=hanpan-steeldrum-aleman#primaryimage","url":"https:\/\/soundtherapysystems.net\/wp-content\/uploads\/2025\/11\/hanpan.jpg","contentUrl":"https:\/\/soundtherapysystems.net\/wp-content\/uploads\/2025\/11\/hanpan.jpg","width":2000,"height":2000},{"@type":"BreadcrumbList","@id":"https:\/\/soundtherapysystems.net\/?product=hanpan-steeldrum-aleman#breadcrumb","itemListElement":[{"@type":"ListItem","position":1,"name":"Inicio","item":"https:\/\/soundtherapysystems.net\/"},{"@type":"ListItem","position":2,"name":"Tienda","item":"https:\/\/soundtherapysystems.net\/"},{"@type":"ListItem","position":3,"name":"Hanpan \u2013 Steeldrum Alem\u00e1n"}]},{"@type":"WebSite","@id":"https:\/\/soundtherapysystems.net\/#website","url":"https:\/\/soundtherapysystems.net\/","name":"Sound Therapy Systems","description":"Equipos Especializados en Sonoterapia \u2013 The Healing Sound","publisher":{"@id":"https:\/\/soundtherapysystems.net\/#organization"},"potentialAction":[{"@type":"SearchAction","target":{"@type":"EntryPoint","urlTemplate":"https:\/\/soundtherapysystems.net\/?s={search_term_string}"},"query-input":{"@type":"PropertyValueSpecification","valueRequired":true,"valueName":"search_term_string"}}],"inLanguage":"es"},{"@type":"Organization","@id":"https:\/\/soundtherapysystems.net\/#organization","name":"Sound Therapy Systems","url":"https:\/\/soundtherapysystems.net\/","logo":{"@type":"ImageObject","inLanguage":"es","@id":"https:\/\/soundtherapysystems.net\/#\/schema\/logo\/image\/","url":"https:\/\/soundtherapysystems.net\/wp-content\/uploads\/2025\/03\/cropped-logo-large.png","contentUrl":"https:\/\/soundtherapysystems.net\/wp-content\/uploads\/2025\/03\/cropped-logo-large.png","width":963,"height":287,"caption":"Sound Therapy Systems"},"image":{"@id":"https:\/\/soundtherapysystems.net\/#\/schema\/logo\/image\/"}}]}},"jetpack_sharing_enabled":true,"_links":{"self":[{"href":"https:\/\/soundtherapysystems.net\/index.php?rest_route=\/wp\/v2\/product\/448","targetHints":{"allow":["GET"]}}],"collection":[{"href":"https:\/\/soundtherapysystems.net\/index.php?rest_route=\/wp\/v2\/product"}],"about":[{"href":"https:\/\/soundtherapysystems.net\/index.php?rest_route=\/wp\/v2\/types\/product"}],"replies":[{"embeddable":true,"href":"https:\/\/soundtherapysystems.net\/index.php?rest_route=%2Fwp%2Fv2%2Fcomments&post=448"}],"wp:featuredmedia":[{"embeddable":true,"href":"https:\/\/soundtherapysystems.net\/index.php?rest_route=\/wp\/v2\/media\/380"}],"wp:attachment":[{"href":"https:\/\/soundtherapysystems.net\/index.php?rest_route=%2Fwp%2Fv2%2Fmedia&parent=448"}],"wp:term":[{"taxonomy":"product_brand","embeddable":true,"href":"https:\/\/soundtherapysystems.net\/index.php?rest_route=%2Fwp%2Fv2%2Fproduct_brand&post=448"},{"taxonomy":"product_cat","embeddable":true,"href":"https:\/\/soundtherapysystems.net\/index.php?rest_route=%2Fwp%2Fv2%2Fproduct_cat&post=448"},{"taxonomy":"product_tag","embeddable":true,"href":"https:\/\/soundtherapysystems.net\/index.php?rest_route=%2Fwp%2Fv2%2Fproduct_tag&post=448"}],"curies":[{"name":"wp","href":"https:\/\/api.w.org\/{rel}","templated":true}]}}