{"id":329,"date":"2025-11-15T00:43:23","date_gmt":"2025-11-15T00:43:23","guid":{"rendered":"https:\/\/soundtherapysystems.net\/?post_type=product&#038;p=329"},"modified":"2025-11-15T05:01:51","modified_gmt":"2025-11-15T05:01:51","slug":"tarjeta-micro-sd-con-400-terapias-especializadas-2","status":"publish","type":"product","link":"https:\/\/soundtherapysystems.net\/?product=tarjeta-micro-sd-con-400-terapias-especializadas-2","title":{"rendered":"MicroSD Terap\u00e9utica \u2013 400 Sesiones"},"content":{"rendered":"<p>Tarjeta microSD de 8GB con 400 sesiones especializadas de terapia sonora. Incluye programas de Binaural, Ultrawoofer, Wave Booster, Pat\u00f3genos Wave Booster, Terapia Transcraneal, Xsleep y Memorias del Agua. Compatible con dispositivos de reproducci\u00f3n est\u00e1ndar. Ideal para terapeutas, usuarios de dispositivos SOUNDTHERAPY SYSTEMS y pr\u00e1cticas de bienestar personal.<\/p>\n<p><img loading=\"lazy\" decoding=\"async\" class=\"aligncenter wp-image-401 size-large\" src=\"https:\/\/soundtherapysystems.net\/wp-content\/uploads\/2025\/11\/sd-1024x1024.jpg\" alt=\"\" width=\"1024\" height=\"1024\" srcset=\"https:\/\/soundtherapysystems.net\/wp-content\/uploads\/2025\/11\/sd-1024x1024.jpg 1024w, https:\/\/soundtherapysystems.net\/wp-content\/uploads\/2025\/11\/sd-300x300.jpg 300w, https:\/\/soundtherapysystems.net\/wp-content\/uploads\/2025\/11\/sd-150x150.jpg 150w, https:\/\/soundtherapysystems.net\/wp-content\/uploads\/2025\/11\/sd-768x768.jpg 768w, https:\/\/soundtherapysystems.net\/wp-content\/uploads\/2025\/11\/sd-1536x1536.jpg 1536w, https:\/\/soundtherapysystems.net\/wp-content\/uploads\/2025\/11\/sd-600x600.jpg 600w, https:\/\/soundtherapysystems.net\/wp-content\/uploads\/2025\/11\/sd-100x100.jpg 100w, https:\/\/soundtherapysystems.net\/wp-content\/uploads\/2025\/11\/sd.jpg 2000w\" sizes=\"auto, (max-width: 1024px) 100vw, 1024px\" \/><\/p>\n","protected":false},"excerpt":{"rendered":"<p>\u2014 MicroSD con 400 terapias sonoras especializadas.<\/p>\n","protected":false},"featured_media":401,"comment_status":"open","ping_status":"closed","template":"","meta":[],"product_brand":[20],"product_cat":[24],"product_tag":[129,146,120],"class_list":{"0":"post-329","1":"product","2":"type-product","3":"status-publish","4":"has-post-thumbnail","6":"product_brand-sound-therapy-systems","7":"product_cat-sonoterapia","8":"product_tag-microsd","9":"product_tag-tarjeta","10":"product_tag-terapias","12":"first","13":"instock","14":"shipping-taxable","15":"purchasable","16":"product-type-simple"},"yoast_head":"<!-- This site is optimized with the Yoast SEO plugin v24.5 - https:\/\/yoast.com\/wordpress\/plugins\/seo\/ -->\n<title>MicroSD Terap\u00e9utica \u2013 400 Sesiones - Sound Therapy Systems<\/title>\n<meta name=\"robots\" content=\"index, follow, max-snippet:-1, max-image-preview:large, max-video-preview:-1\" \/>\n<link rel=\"canonical\" href=\"https:\/\/soundtherapysystems.net\/?product=tarjeta-micro-sd-con-400-terapias-especializadas-2\" \/>\n<meta property=\"og:locale\" content=\"es_MX\" \/>\n<meta property=\"og:type\" content=\"article\" \/>\n<meta property=\"og:title\" content=\"MicroSD Terap\u00e9utica \u2013 400 Sesiones - Sound Therapy Systems\" \/>\n<meta property=\"og:description\" content=\"\u2014 MicroSD con 400 terapias sonoras especializadas.\" \/>\n<meta property=\"og:url\" content=\"https:\/\/soundtherapysystems.net\/?product=tarjeta-micro-sd-con-400-terapias-especializadas-2\" \/>\n<meta property=\"og:site_name\" content=\"Sound Therapy Systems\" \/>\n<meta property=\"article:modified_time\" content=\"2025-11-15T05:01:51+00:00\" \/>\n<meta property=\"og:image\" content=\"https:\/\/soundtherapysystems.net\/wp-content\/uploads\/2025\/11\/sd.jpg\" \/>\n\t<meta property=\"og:image:width\" content=\"2000\" \/>\n\t<meta property=\"og:image:height\" content=\"2000\" \/>\n\t<meta property=\"og:image:type\" content=\"image\/jpeg\" \/>\n<meta name=\"twitter:card\" content=\"summary_large_image\" \/>\n<meta name=\"twitter:label1\" content=\"Tiempo de lectura\" \/>\n\t<meta name=\"twitter:data1\" content=\"1 minuto\" \/>\n<script type=\"application\/ld+json\" class=\"yoast-schema-graph\">{\"@context\":\"https:\/\/schema.org\",\"@graph\":[{\"@type\":\"WebPage\",\"@id\":\"https:\/\/soundtherapysystems.net\/?product=tarjeta-micro-sd-con-400-terapias-especializadas-2\",\"url\":\"https:\/\/soundtherapysystems.net\/?product=tarjeta-micro-sd-con-400-terapias-especializadas-2\",\"name\":\"MicroSD Terap\u00e9utica \u2013 400 Sesiones - Sound Therapy Systems\",\"isPartOf\":{\"@id\":\"https:\/\/soundtherapysystems.net\/#website\"},\"primaryImageOfPage\":{\"@id\":\"https:\/\/soundtherapysystems.net\/?product=tarjeta-micro-sd-con-400-terapias-especializadas-2#primaryimage\"},\"image\":{\"@id\":\"https:\/\/soundtherapysystems.net\/?product=tarjeta-micro-sd-con-400-terapias-especializadas-2#primaryimage\"},\"thumbnailUrl\":\"https:\/\/soundtherapysystems.net\/wp-content\/uploads\/2025\/11\/sd.jpg\",\"datePublished\":\"2025-11-15T00:43:23+00:00\",\"dateModified\":\"2025-11-15T05:01:51+00:00\",\"breadcrumb\":{\"@id\":\"https:\/\/soundtherapysystems.net\/?product=tarjeta-micro-sd-con-400-terapias-especializadas-2#breadcrumb\"},\"inLanguage\":\"es\",\"potentialAction\":[{\"@type\":\"ReadAction\",\"target\":[\"https:\/\/soundtherapysystems.net\/?product=tarjeta-micro-sd-con-400-terapias-especializadas-2\"]}]},{\"@type\":\"ImageObject\",\"inLanguage\":\"es\",\"@id\":\"https:\/\/soundtherapysystems.net\/?product=tarjeta-micro-sd-con-400-terapias-especializadas-2#primaryimage\",\"url\":\"https:\/\/soundtherapysystems.net\/wp-content\/uploads\/2025\/11\/sd.jpg\",\"contentUrl\":\"https:\/\/soundtherapysystems.net\/wp-content\/uploads\/2025\/11\/sd.jpg\",\"width\":2000,\"height\":2000},{\"@type\":\"BreadcrumbList\",\"@id\":\"https:\/\/soundtherapysystems.net\/?product=tarjeta-micro-sd-con-400-terapias-especializadas-2#breadcrumb\",\"itemListElement\":[{\"@type\":\"ListItem\",\"position\":1,\"name\":\"Inicio\",\"item\":\"https:\/\/soundtherapysystems.net\/\"},{\"@type\":\"ListItem\",\"position\":2,\"name\":\"Tienda\",\"item\":\"https:\/\/soundtherapysystems.net\/\"},{\"@type\":\"ListItem\",\"position\":3,\"name\":\"MicroSD Terap\u00e9utica \u2013 400 Sesiones\"}]},{\"@type\":\"WebSite\",\"@id\":\"https:\/\/soundtherapysystems.net\/#website\",\"url\":\"https:\/\/soundtherapysystems.net\/\",\"name\":\"Sound Therapy Systems\",\"description\":\"Equipos Especializados en Sonoterapia \u2013 The Healing Sound\",\"publisher\":{\"@id\":\"https:\/\/soundtherapysystems.net\/#organization\"},\"potentialAction\":[{\"@type\":\"SearchAction\",\"target\":{\"@type\":\"EntryPoint\",\"urlTemplate\":\"https:\/\/soundtherapysystems.net\/?s={search_term_string}\"},\"query-input\":{\"@type\":\"PropertyValueSpecification\",\"valueRequired\":true,\"valueName\":\"search_term_string\"}}],\"inLanguage\":\"es\"},{\"@type\":\"Organization\",\"@id\":\"https:\/\/soundtherapysystems.net\/#organization\",\"name\":\"Sound Therapy Systems\",\"url\":\"https:\/\/soundtherapysystems.net\/\",\"logo\":{\"@type\":\"ImageObject\",\"inLanguage\":\"es\",\"@id\":\"https:\/\/soundtherapysystems.net\/#\/schema\/logo\/image\/\",\"url\":\"https:\/\/soundtherapysystems.net\/wp-content\/uploads\/2025\/03\/cropped-logo-large.png\",\"contentUrl\":\"https:\/\/soundtherapysystems.net\/wp-content\/uploads\/2025\/03\/cropped-logo-large.png\",\"width\":963,\"height\":287,\"caption\":\"Sound Therapy Systems\"},\"image\":{\"@id\":\"https:\/\/soundtherapysystems.net\/#\/schema\/logo\/image\/\"}}]}<\/script>\n<!-- \/ Yoast SEO plugin. -->","yoast_head_json":{"title":"MicroSD Terap\u00e9utica \u2013 400 Sesiones - Sound Therapy Systems","robots":{"index":"index","follow":"follow","max-snippet":"max-snippet:-1","max-image-preview":"max-image-preview:large","max-video-preview":"max-video-preview:-1"},"canonical":"https:\/\/soundtherapysystems.net\/?product=tarjeta-micro-sd-con-400-terapias-especializadas-2","og_locale":"es_MX","og_type":"article","og_title":"MicroSD Terap\u00e9utica \u2013 400 Sesiones - Sound Therapy Systems","og_description":"\u2014 MicroSD con 400 terapias sonoras especializadas.","og_url":"https:\/\/soundtherapysystems.net\/?product=tarjeta-micro-sd-con-400-terapias-especializadas-2","og_site_name":"Sound Therapy Systems","article_modified_time":"2025-11-15T05:01:51+00:00","og_image":[{"width":2000,"height":2000,"url":"https:\/\/soundtherapysystems.net\/wp-content\/uploads\/2025\/11\/sd.jpg","type":"image\/jpeg"}],"twitter_card":"summary_large_image","twitter_misc":{"Tiempo de lectura":"1 minuto"},"schema":{"@context":"https:\/\/schema.org","@graph":[{"@type":"WebPage","@id":"https:\/\/soundtherapysystems.net\/?product=tarjeta-micro-sd-con-400-terapias-especializadas-2","url":"https:\/\/soundtherapysystems.net\/?product=tarjeta-micro-sd-con-400-terapias-especializadas-2","name":"MicroSD Terap\u00e9utica \u2013 400 Sesiones - Sound Therapy Systems","isPartOf":{"@id":"https:\/\/soundtherapysystems.net\/#website"},"primaryImageOfPage":{"@id":"https:\/\/soundtherapysystems.net\/?product=tarjeta-micro-sd-con-400-terapias-especializadas-2#primaryimage"},"image":{"@id":"https:\/\/soundtherapysystems.net\/?product=tarjeta-micro-sd-con-400-terapias-especializadas-2#primaryimage"},"thumbnailUrl":"https:\/\/soundtherapysystems.net\/wp-content\/uploads\/2025\/11\/sd.jpg","datePublished":"2025-11-15T00:43:23+00:00","dateModified":"2025-11-15T05:01:51+00:00","breadcrumb":{"@id":"https:\/\/soundtherapysystems.net\/?product=tarjeta-micro-sd-con-400-terapias-especializadas-2#breadcrumb"},"inLanguage":"es","potentialAction":[{"@type":"ReadAction","target":["https:\/\/soundtherapysystems.net\/?product=tarjeta-micro-sd-con-400-terapias-especializadas-2"]}]},{"@type":"ImageObject","inLanguage":"es","@id":"https:\/\/soundtherapysystems.net\/?product=tarjeta-micro-sd-con-400-terapias-especializadas-2#primaryimage","url":"https:\/\/soundtherapysystems.net\/wp-content\/uploads\/2025\/11\/sd.jpg","contentUrl":"https:\/\/soundtherapysystems.net\/wp-content\/uploads\/2025\/11\/sd.jpg","width":2000,"height":2000},{"@type":"BreadcrumbList","@id":"https:\/\/soundtherapysystems.net\/?product=tarjeta-micro-sd-con-400-terapias-especializadas-2#breadcrumb","itemListElement":[{"@type":"ListItem","position":1,"name":"Inicio","item":"https:\/\/soundtherapysystems.net\/"},{"@type":"ListItem","position":2,"name":"Tienda","item":"https:\/\/soundtherapysystems.net\/"},{"@type":"ListItem","position":3,"name":"MicroSD Terap\u00e9utica \u2013 400 Sesiones"}]},{"@type":"WebSite","@id":"https:\/\/soundtherapysystems.net\/#website","url":"https:\/\/soundtherapysystems.net\/","name":"Sound Therapy Systems","description":"Equipos Especializados en Sonoterapia \u2013 The Healing Sound","publisher":{"@id":"https:\/\/soundtherapysystems.net\/#organization"},"potentialAction":[{"@type":"SearchAction","target":{"@type":"EntryPoint","urlTemplate":"https:\/\/soundtherapysystems.net\/?s={search_term_string}"},"query-input":{"@type":"PropertyValueSpecification","valueRequired":true,"valueName":"search_term_string"}}],"inLanguage":"es"},{"@type":"Organization","@id":"https:\/\/soundtherapysystems.net\/#organization","name":"Sound Therapy Systems","url":"https:\/\/soundtherapysystems.net\/","logo":{"@type":"ImageObject","inLanguage":"es","@id":"https:\/\/soundtherapysystems.net\/#\/schema\/logo\/image\/","url":"https:\/\/soundtherapysystems.net\/wp-content\/uploads\/2025\/03\/cropped-logo-large.png","contentUrl":"https:\/\/soundtherapysystems.net\/wp-content\/uploads\/2025\/03\/cropped-logo-large.png","width":963,"height":287,"caption":"Sound Therapy Systems"},"image":{"@id":"https:\/\/soundtherapysystems.net\/#\/schema\/logo\/image\/"}}]}},"jetpack_sharing_enabled":true,"_links":{"self":[{"href":"https:\/\/soundtherapysystems.net\/index.php?rest_route=\/wp\/v2\/product\/329","targetHints":{"allow":["GET"]}}],"collection":[{"href":"https:\/\/soundtherapysystems.net\/index.php?rest_route=\/wp\/v2\/product"}],"about":[{"href":"https:\/\/soundtherapysystems.net\/index.php?rest_route=\/wp\/v2\/types\/product"}],"replies":[{"embeddable":true,"href":"https:\/\/soundtherapysystems.net\/index.php?rest_route=%2Fwp%2Fv2%2Fcomments&post=329"}],"wp:featuredmedia":[{"embeddable":true,"href":"https:\/\/soundtherapysystems.net\/index.php?rest_route=\/wp\/v2\/media\/401"}],"wp:attachment":[{"href":"https:\/\/soundtherapysystems.net\/index.php?rest_route=%2Fwp%2Fv2%2Fmedia&parent=329"}],"wp:term":[{"taxonomy":"product_brand","embeddable":true,"href":"https:\/\/soundtherapysystems.net\/index.php?rest_route=%2Fwp%2Fv2%2Fproduct_brand&post=329"},{"taxonomy":"product_cat","embeddable":true,"href":"https:\/\/soundtherapysystems.net\/index.php?rest_route=%2Fwp%2Fv2%2Fproduct_cat&post=329"},{"taxonomy":"product_tag","embeddable":true,"href":"https:\/\/soundtherapysystems.net\/index.php?rest_route=%2Fwp%2Fv2%2Fproduct_tag&post=329"}],"curies":[{"name":"wp","href":"https:\/\/api.w.org\/{rel}","templated":true}]}}