{"id":141,"date":"2025-03-19T03:03:23","date_gmt":"2025-03-19T03:03:23","guid":{"rendered":"https:\/\/soundtherapysystems.net\/?post_type=product&#038;p=141"},"modified":"2025-06-22T21:15:23","modified_gmt":"2025-06-22T21:15:23","slug":"xsleep-dispositivo-de-conduccion-osea-para-sonoterapia","status":"publish","type":"product","link":"https:\/\/soundtherapysystems.net\/?product=xsleep-dispositivo-de-conduccion-osea-para-sonoterapia","title":{"rendered":"XSLEEP Dispositivo de Conducci\u00f3n \u00d3sea para Sonoterapia"},"content":{"rendered":"<table width=\"409\">\n<tbody>\n<tr>\n<td width=\"409\">XSLEEP Dispositivo de Conducci\u00f3n \u00d3sea para Sonoterapia<\/p>\n<p>Emisor de Ondas Alpha, Theta y Delta artificiales<br \/>\nEquilibra la gl\u00e1ndula pineal<br \/>\nControla la melatonina<br \/>\nRegulador del ciclo circadiano<br \/>\nIdeal para el tratamiento de trastornos del sue\u00f1o como:<br \/>\nInsomnio<br \/>\nApnea del sue\u00f1o<br \/>\nTerror nocturno<br \/>\nJet lag<br \/>\nS\u00edndrome de piernas inquietas<br \/>\nPor clasificaci\u00f3n: DISOMNIAS Y PARASOMNIAS<\/td>\n<\/tr>\n<\/tbody>\n<\/table>\n","protected":false},"excerpt":{"rendered":"<p>Emisor de Ondas Alpha, Theta y Delta artificiales<br \/>\nEquilibra la gl\u00e1ndula pineal<br \/>\nControla la melatonina<br \/>\nRegulador del ciclo circadiano<br \/>\nIdeal para el tratamiento de trastornos del sue\u00f1o como:<br \/>\nInsomnio<br \/>\nApnea del sue\u00f1o<br \/>\nTerror nocturno<br \/>\nJet lag<br \/>\nS\u00edndrome de piernas inquietas<br \/>\nPor clasificaci\u00f3n: DISOMNIAS Y PARASOMNIAS<\/p>\n","protected":false},"featured_media":81,"comment_status":"open","ping_status":"closed","template":"","meta":[],"product_brand":[20],"product_cat":[18,24,51],"product_tag":[22,26,36,53,52],"class_list":{"0":"post-141","1":"product","2":"type-product","3":"status-publish","4":"has-post-thumbnail","6":"product_brand-sound-therapy-systems","7":"product_cat-musicoterapia","8":"product_cat-sonoterapia","9":"product_cat-transtornos-del-sueno","10":"product_tag-musicoterapia","11":"product_tag-sonoterapia","12":"product_tag-terapia","13":"product_tag-transtornos-del-sueno","14":"product_tag-xsleep","16":"first","17":"instock","18":"sale","19":"purchasable","20":"product-type-simple"},"yoast_head":"<!-- This site is optimized with the Yoast SEO plugin v24.5 - https:\/\/yoast.com\/wordpress\/plugins\/seo\/ -->\n<title>XSLEEP Dispositivo de Conducci\u00f3n \u00d3sea para Sonoterapia - Sound Therapy Systems<\/title>\n<meta name=\"robots\" content=\"index, follow, max-snippet:-1, max-image-preview:large, max-video-preview:-1\" \/>\n<link rel=\"canonical\" href=\"https:\/\/soundtherapysystems.net\/?product=xsleep-dispositivo-de-conduccion-osea-para-sonoterapia\" \/>\n<meta property=\"og:locale\" content=\"es_MX\" \/>\n<meta property=\"og:type\" content=\"article\" \/>\n<meta property=\"og:title\" content=\"XSLEEP Dispositivo de Conducci\u00f3n \u00d3sea para Sonoterapia - Sound Therapy Systems\" \/>\n<meta property=\"og:description\" content=\"Emisor de Ondas Alpha, Theta y Delta artificiales Equilibra la gl\u00e1ndula pineal Controla la melatonina Regulador del ciclo circadiano Ideal para el tratamiento de trastornos del sue\u00f1o como: Insomnio Apnea del sue\u00f1o Terror nocturno Jet lag S\u00edndrome de piernas inquietas Por clasificaci\u00f3n: DISOMNIAS Y PARASOMNIAS\" \/>\n<meta property=\"og:url\" content=\"https:\/\/soundtherapysystems.net\/?product=xsleep-dispositivo-de-conduccion-osea-para-sonoterapia\" \/>\n<meta property=\"og:site_name\" content=\"Sound Therapy Systems\" \/>\n<meta property=\"article:modified_time\" content=\"2025-06-22T21:15:23+00:00\" \/>\n<meta property=\"og:image\" content=\"https:\/\/soundtherapysystems.net\/wp-content\/uploads\/2025\/03\/xsleep.png\" \/>\n\t<meta property=\"og:image:width\" content=\"800\" \/>\n\t<meta property=\"og:image:height\" content=\"800\" \/>\n\t<meta property=\"og:image:type\" content=\"image\/png\" \/>\n<meta name=\"twitter:card\" content=\"summary_large_image\" \/>\n<meta name=\"twitter:label1\" content=\"Tiempo de lectura\" \/>\n\t<meta name=\"twitter:data1\" content=\"1 minuto\" \/>\n<script type=\"application\/ld+json\" class=\"yoast-schema-graph\">{\"@context\":\"https:\/\/schema.org\",\"@graph\":[{\"@type\":\"WebPage\",\"@id\":\"https:\/\/soundtherapysystems.net\/?product=xsleep-dispositivo-de-conduccion-osea-para-sonoterapia\",\"url\":\"https:\/\/soundtherapysystems.net\/?product=xsleep-dispositivo-de-conduccion-osea-para-sonoterapia\",\"name\":\"XSLEEP Dispositivo de Conducci\u00f3n \u00d3sea para Sonoterapia - Sound Therapy Systems\",\"isPartOf\":{\"@id\":\"https:\/\/soundtherapysystems.net\/#website\"},\"primaryImageOfPage\":{\"@id\":\"https:\/\/soundtherapysystems.net\/?product=xsleep-dispositivo-de-conduccion-osea-para-sonoterapia#primaryimage\"},\"image\":{\"@id\":\"https:\/\/soundtherapysystems.net\/?product=xsleep-dispositivo-de-conduccion-osea-para-sonoterapia#primaryimage\"},\"thumbnailUrl\":\"https:\/\/soundtherapysystems.net\/wp-content\/uploads\/2025\/03\/xsleep.png\",\"datePublished\":\"2025-03-19T03:03:23+00:00\",\"dateModified\":\"2025-06-22T21:15:23+00:00\",\"breadcrumb\":{\"@id\":\"https:\/\/soundtherapysystems.net\/?product=xsleep-dispositivo-de-conduccion-osea-para-sonoterapia#breadcrumb\"},\"inLanguage\":\"es\",\"potentialAction\":[{\"@type\":\"ReadAction\",\"target\":[\"https:\/\/soundtherapysystems.net\/?product=xsleep-dispositivo-de-conduccion-osea-para-sonoterapia\"]}]},{\"@type\":\"ImageObject\",\"inLanguage\":\"es\",\"@id\":\"https:\/\/soundtherapysystems.net\/?product=xsleep-dispositivo-de-conduccion-osea-para-sonoterapia#primaryimage\",\"url\":\"https:\/\/soundtherapysystems.net\/wp-content\/uploads\/2025\/03\/xsleep.png\",\"contentUrl\":\"https:\/\/soundtherapysystems.net\/wp-content\/uploads\/2025\/03\/xsleep.png\",\"width\":800,\"height\":800},{\"@type\":\"BreadcrumbList\",\"@id\":\"https:\/\/soundtherapysystems.net\/?product=xsleep-dispositivo-de-conduccion-osea-para-sonoterapia#breadcrumb\",\"itemListElement\":[{\"@type\":\"ListItem\",\"position\":1,\"name\":\"Inicio\",\"item\":\"https:\/\/soundtherapysystems.net\/\"},{\"@type\":\"ListItem\",\"position\":2,\"name\":\"Tienda\",\"item\":\"https:\/\/soundtherapysystems.net\/\"},{\"@type\":\"ListItem\",\"position\":3,\"name\":\"XSLEEP Dispositivo de Conducci\u00f3n \u00d3sea para Sonoterapia\"}]},{\"@type\":\"WebSite\",\"@id\":\"https:\/\/soundtherapysystems.net\/#website\",\"url\":\"https:\/\/soundtherapysystems.net\/\",\"name\":\"Sound Therapy Systems\",\"description\":\"Equipos Especializados en Sonoterapia \u2013 The Healing Sound\",\"publisher\":{\"@id\":\"https:\/\/soundtherapysystems.net\/#organization\"},\"potentialAction\":[{\"@type\":\"SearchAction\",\"target\":{\"@type\":\"EntryPoint\",\"urlTemplate\":\"https:\/\/soundtherapysystems.net\/?s={search_term_string}\"},\"query-input\":{\"@type\":\"PropertyValueSpecification\",\"valueRequired\":true,\"valueName\":\"search_term_string\"}}],\"inLanguage\":\"es\"},{\"@type\":\"Organization\",\"@id\":\"https:\/\/soundtherapysystems.net\/#organization\",\"name\":\"Sound Therapy Systems\",\"url\":\"https:\/\/soundtherapysystems.net\/\",\"logo\":{\"@type\":\"ImageObject\",\"inLanguage\":\"es\",\"@id\":\"https:\/\/soundtherapysystems.net\/#\/schema\/logo\/image\/\",\"url\":\"https:\/\/soundtherapysystems.net\/wp-content\/uploads\/2025\/03\/cropped-logo-large.png\",\"contentUrl\":\"https:\/\/soundtherapysystems.net\/wp-content\/uploads\/2025\/03\/cropped-logo-large.png\",\"width\":963,\"height\":287,\"caption\":\"Sound Therapy Systems\"},\"image\":{\"@id\":\"https:\/\/soundtherapysystems.net\/#\/schema\/logo\/image\/\"}}]}<\/script>\n<!-- \/ Yoast SEO plugin. -->","yoast_head_json":{"title":"XSLEEP Dispositivo de Conducci\u00f3n \u00d3sea para Sonoterapia - Sound Therapy Systems","robots":{"index":"index","follow":"follow","max-snippet":"max-snippet:-1","max-image-preview":"max-image-preview:large","max-video-preview":"max-video-preview:-1"},"canonical":"https:\/\/soundtherapysystems.net\/?product=xsleep-dispositivo-de-conduccion-osea-para-sonoterapia","og_locale":"es_MX","og_type":"article","og_title":"XSLEEP Dispositivo de Conducci\u00f3n \u00d3sea para Sonoterapia - Sound Therapy Systems","og_description":"Emisor de Ondas Alpha, Theta y Delta artificiales Equilibra la gl\u00e1ndula pineal Controla la melatonina Regulador del ciclo circadiano Ideal para el tratamiento de trastornos del sue\u00f1o como: Insomnio Apnea del sue\u00f1o Terror nocturno Jet lag S\u00edndrome de piernas inquietas Por clasificaci\u00f3n: DISOMNIAS Y PARASOMNIAS","og_url":"https:\/\/soundtherapysystems.net\/?product=xsleep-dispositivo-de-conduccion-osea-para-sonoterapia","og_site_name":"Sound Therapy Systems","article_modified_time":"2025-06-22T21:15:23+00:00","og_image":[{"width":800,"height":800,"url":"https:\/\/soundtherapysystems.net\/wp-content\/uploads\/2025\/03\/xsleep.png","type":"image\/png"}],"twitter_card":"summary_large_image","twitter_misc":{"Tiempo de lectura":"1 minuto"},"schema":{"@context":"https:\/\/schema.org","@graph":[{"@type":"WebPage","@id":"https:\/\/soundtherapysystems.net\/?product=xsleep-dispositivo-de-conduccion-osea-para-sonoterapia","url":"https:\/\/soundtherapysystems.net\/?product=xsleep-dispositivo-de-conduccion-osea-para-sonoterapia","name":"XSLEEP Dispositivo de Conducci\u00f3n \u00d3sea para Sonoterapia - Sound Therapy Systems","isPartOf":{"@id":"https:\/\/soundtherapysystems.net\/#website"},"primaryImageOfPage":{"@id":"https:\/\/soundtherapysystems.net\/?product=xsleep-dispositivo-de-conduccion-osea-para-sonoterapia#primaryimage"},"image":{"@id":"https:\/\/soundtherapysystems.net\/?product=xsleep-dispositivo-de-conduccion-osea-para-sonoterapia#primaryimage"},"thumbnailUrl":"https:\/\/soundtherapysystems.net\/wp-content\/uploads\/2025\/03\/xsleep.png","datePublished":"2025-03-19T03:03:23+00:00","dateModified":"2025-06-22T21:15:23+00:00","breadcrumb":{"@id":"https:\/\/soundtherapysystems.net\/?product=xsleep-dispositivo-de-conduccion-osea-para-sonoterapia#breadcrumb"},"inLanguage":"es","potentialAction":[{"@type":"ReadAction","target":["https:\/\/soundtherapysystems.net\/?product=xsleep-dispositivo-de-conduccion-osea-para-sonoterapia"]}]},{"@type":"ImageObject","inLanguage":"es","@id":"https:\/\/soundtherapysystems.net\/?product=xsleep-dispositivo-de-conduccion-osea-para-sonoterapia#primaryimage","url":"https:\/\/soundtherapysystems.net\/wp-content\/uploads\/2025\/03\/xsleep.png","contentUrl":"https:\/\/soundtherapysystems.net\/wp-content\/uploads\/2025\/03\/xsleep.png","width":800,"height":800},{"@type":"BreadcrumbList","@id":"https:\/\/soundtherapysystems.net\/?product=xsleep-dispositivo-de-conduccion-osea-para-sonoterapia#breadcrumb","itemListElement":[{"@type":"ListItem","position":1,"name":"Inicio","item":"https:\/\/soundtherapysystems.net\/"},{"@type":"ListItem","position":2,"name":"Tienda","item":"https:\/\/soundtherapysystems.net\/"},{"@type":"ListItem","position":3,"name":"XSLEEP Dispositivo de Conducci\u00f3n \u00d3sea para Sonoterapia"}]},{"@type":"WebSite","@id":"https:\/\/soundtherapysystems.net\/#website","url":"https:\/\/soundtherapysystems.net\/","name":"Sound Therapy Systems","description":"Equipos Especializados en Sonoterapia \u2013 The Healing Sound","publisher":{"@id":"https:\/\/soundtherapysystems.net\/#organization"},"potentialAction":[{"@type":"SearchAction","target":{"@type":"EntryPoint","urlTemplate":"https:\/\/soundtherapysystems.net\/?s={search_term_string}"},"query-input":{"@type":"PropertyValueSpecification","valueRequired":true,"valueName":"search_term_string"}}],"inLanguage":"es"},{"@type":"Organization","@id":"https:\/\/soundtherapysystems.net\/#organization","name":"Sound Therapy Systems","url":"https:\/\/soundtherapysystems.net\/","logo":{"@type":"ImageObject","inLanguage":"es","@id":"https:\/\/soundtherapysystems.net\/#\/schema\/logo\/image\/","url":"https:\/\/soundtherapysystems.net\/wp-content\/uploads\/2025\/03\/cropped-logo-large.png","contentUrl":"https:\/\/soundtherapysystems.net\/wp-content\/uploads\/2025\/03\/cropped-logo-large.png","width":963,"height":287,"caption":"Sound Therapy Systems"},"image":{"@id":"https:\/\/soundtherapysystems.net\/#\/schema\/logo\/image\/"}}]}},"jetpack_sharing_enabled":true,"_links":{"self":[{"href":"https:\/\/soundtherapysystems.net\/index.php?rest_route=\/wp\/v2\/product\/141","targetHints":{"allow":["GET"]}}],"collection":[{"href":"https:\/\/soundtherapysystems.net\/index.php?rest_route=\/wp\/v2\/product"}],"about":[{"href":"https:\/\/soundtherapysystems.net\/index.php?rest_route=\/wp\/v2\/types\/product"}],"replies":[{"embeddable":true,"href":"https:\/\/soundtherapysystems.net\/index.php?rest_route=%2Fwp%2Fv2%2Fcomments&post=141"}],"wp:featuredmedia":[{"embeddable":true,"href":"https:\/\/soundtherapysystems.net\/index.php?rest_route=\/wp\/v2\/media\/81"}],"wp:attachment":[{"href":"https:\/\/soundtherapysystems.net\/index.php?rest_route=%2Fwp%2Fv2%2Fmedia&parent=141"}],"wp:term":[{"taxonomy":"product_brand","embeddable":true,"href":"https:\/\/soundtherapysystems.net\/index.php?rest_route=%2Fwp%2Fv2%2Fproduct_brand&post=141"},{"taxonomy":"product_cat","embeddable":true,"href":"https:\/\/soundtherapysystems.net\/index.php?rest_route=%2Fwp%2Fv2%2Fproduct_cat&post=141"},{"taxonomy":"product_tag","embeddable":true,"href":"https:\/\/soundtherapysystems.net\/index.php?rest_route=%2Fwp%2Fv2%2Fproduct_tag&post=141"}],"curies":[{"name":"wp","href":"https:\/\/api.w.org\/{rel}","templated":true}]}}