{"id":120,"date":"2025-03-19T02:08:29","date_gmt":"2025-03-19T02:08:29","guid":{"rendered":"https:\/\/soundtherapysystems.net\/?post_type=product&#038;p=120"},"modified":"2025-06-22T20:46:48","modified_gmt":"2025-06-22T20:46:48","slug":"estimulador-de-metameras-terapia-de-neuroestimulacion","status":"publish","type":"product","link":"https:\/\/soundtherapysystems.net\/?product=estimulador-de-metameras-terapia-de-neuroestimulacion","title":{"rendered":"Estimulador de Met\u00e1meras \u2013 Terapia de Neuroestimulaci\u00f3n"},"content":{"rendered":"<p data-start=\"97\" data-end=\"164\"><strong data-start=\"100\" data-end=\"159\">Estimulador de Met\u00e1meras \u2013 Terapia de Neuroestimulaci\u00f3n<\/strong><\/p>\n<p data-start=\"166\" data-end=\"233\"><strong data-start=\"166\" data-end=\"231\">Equilibrio y bienestar a trav\u00e9s de la estimulaci\u00f3n metam\u00e9rica<\/strong><\/p>\n<p data-start=\"235\" data-end=\"634\">El <strong data-start=\"238\" data-end=\"266\">estimulador de met\u00e1meras<\/strong> es una herramienta especializada en <strong data-start=\"303\" data-end=\"330\">terapia neurometam\u00e9rica<\/strong>, utilizada para activar puntos espec\u00edficos del sistema nervioso que influyen en la funci\u00f3n muscular, circulatoria y visceral. Su uso es ideal para fisioterapia, rehabilitaci\u00f3n y t\u00e9cnicas de neuroestimulaci\u00f3n, proporcionando alivio en casos de dolor cr\u00f3nico, tensi\u00f3n muscular y desbalances funcionales.<\/p>\n<p data-start=\"636\" data-end=\"930\"><strong data-start=\"636\" data-end=\"666\">Beneficios y aplicaciones:<\/strong><br data-start=\"666\" data-end=\"669\" \/>\u2714 Activaci\u00f3n de met\u00e1meras para optimizar funciones neuromusculares<br data-start=\"735\" data-end=\"738\" \/>\u2714 Apoyo en tratamientos de rehabilitaci\u00f3n y control del dolor<br data-start=\"799\" data-end=\"802\" \/>\u2714 Favorece la regulaci\u00f3n del sistema nervioso aut\u00f3nomo<br data-start=\"856\" data-end=\"859\" \/>\u2714 Complemento ideal para fisioterapia, osteopat\u00eda y t\u00e9cnicas manuales<\/p>\n<p data-start=\"932\" data-end=\"987\"><strong data-start=\"932\" data-end=\"944\">Incluye:<\/strong> Estimulador de met\u00e1meras<\/p>\n<p data-start=\"989\" data-end=\"1075\"><strong data-start=\"989\" data-end=\"1073\">Dise\u00f1ado para profesionales en fisioterapia, rehabilitaci\u00f3n y terapias manuales.<\/strong><\/p>\n<p data-start=\"1077\" data-end=\"1159\"><strong data-start=\"1077\" data-end=\"1157\">Optimiza tus sesiones con una herramienta de precisi\u00f3n en neuroestimulaci\u00f3n.<\/strong><\/p>\n<p>&nbsp;<\/p>\n","protected":false},"excerpt":{"rendered":"<p>El <strong data-start=\"238\" data-end=\"266\">estimulador de met\u00e1meras<\/strong> es una herramienta especializada en <strong data-start=\"303\" data-end=\"330\">terapia neurometam\u00e9rica<\/strong>, utilizada para activar puntos espec\u00edficos del sistema nervioso que influyen en la funci\u00f3n muscular, circulatoria y visceral. Su uso es ideal para fisioterapia, rehabilitaci\u00f3n y t\u00e9cnicas de neuroestimulaci\u00f3n, proporcionando alivio en casos de dolor cr\u00f3nico, tensi\u00f3n muscular y desbalances funcionales.<\/p>\n","protected":false},"featured_media":121,"comment_status":"open","ping_status":"closed","template":"","meta":[],"product_brand":[20],"product_cat":[40],"product_tag":[41,36],"class_list":{"0":"post-120","1":"product","2":"type-product","3":"status-publish","4":"has-post-thumbnail","6":"product_brand-sound-therapy-systems","7":"product_cat-neuroestimulacion","8":"product_tag-neuroestimulacion","9":"product_tag-terapia","11":"first","12":"instock","13":"shipping-taxable","14":"purchasable","15":"product-type-simple"},"yoast_head":"<!-- This site is optimized with the Yoast SEO plugin v24.5 - https:\/\/yoast.com\/wordpress\/plugins\/seo\/ -->\n<title>Estimulador de Met\u00e1meras \u2013 Terapia de Neuroestimulaci\u00f3n - Sound Therapy Systems<\/title>\n<meta name=\"robots\" content=\"index, follow, max-snippet:-1, max-image-preview:large, max-video-preview:-1\" \/>\n<link rel=\"canonical\" href=\"https:\/\/soundtherapysystems.net\/?product=estimulador-de-metameras-terapia-de-neuroestimulacion\" \/>\n<meta property=\"og:locale\" content=\"es_MX\" \/>\n<meta property=\"og:type\" content=\"article\" \/>\n<meta property=\"og:title\" content=\"Estimulador de Met\u00e1meras \u2013 Terapia de Neuroestimulaci\u00f3n - Sound Therapy Systems\" \/>\n<meta property=\"og:description\" content=\"El estimulador de met\u00e1meras es una herramienta especializada en terapia neurometam\u00e9rica, utilizada para activar puntos espec\u00edficos del sistema nervioso que influyen en la funci\u00f3n muscular, circulatoria y visceral. Su uso es ideal para fisioterapia, rehabilitaci\u00f3n y t\u00e9cnicas de neuroestimulaci\u00f3n, proporcionando alivio en casos de dolor cr\u00f3nico, tensi\u00f3n muscular y desbalances funcionales.\" \/>\n<meta property=\"og:url\" content=\"https:\/\/soundtherapysystems.net\/?product=estimulador-de-metameras-terapia-de-neuroestimulacion\" \/>\n<meta property=\"og:site_name\" content=\"Sound Therapy Systems\" \/>\n<meta property=\"article:modified_time\" content=\"2025-06-22T20:46:48+00:00\" \/>\n<meta property=\"og:image\" content=\"https:\/\/soundtherapysystems.net\/wp-content\/uploads\/2025\/03\/images10.jpg\" \/>\n\t<meta property=\"og:image:width\" content=\"225\" \/>\n\t<meta property=\"og:image:height\" content=\"225\" \/>\n\t<meta property=\"og:image:type\" content=\"image\/jpeg\" \/>\n<meta name=\"twitter:card\" content=\"summary_large_image\" \/>\n<meta name=\"twitter:label1\" content=\"Tiempo de lectura\" \/>\n\t<meta name=\"twitter:data1\" content=\"1 minuto\" \/>\n<script type=\"application\/ld+json\" class=\"yoast-schema-graph\">{\"@context\":\"https:\/\/schema.org\",\"@graph\":[{\"@type\":\"WebPage\",\"@id\":\"https:\/\/soundtherapysystems.net\/?product=estimulador-de-metameras-terapia-de-neuroestimulacion\",\"url\":\"https:\/\/soundtherapysystems.net\/?product=estimulador-de-metameras-terapia-de-neuroestimulacion\",\"name\":\"Estimulador de Met\u00e1meras \u2013 Terapia de Neuroestimulaci\u00f3n - Sound Therapy Systems\",\"isPartOf\":{\"@id\":\"https:\/\/soundtherapysystems.net\/#website\"},\"primaryImageOfPage\":{\"@id\":\"https:\/\/soundtherapysystems.net\/?product=estimulador-de-metameras-terapia-de-neuroestimulacion#primaryimage\"},\"image\":{\"@id\":\"https:\/\/soundtherapysystems.net\/?product=estimulador-de-metameras-terapia-de-neuroestimulacion#primaryimage\"},\"thumbnailUrl\":\"https:\/\/soundtherapysystems.net\/wp-content\/uploads\/2025\/03\/images10.jpg\",\"datePublished\":\"2025-03-19T02:08:29+00:00\",\"dateModified\":\"2025-06-22T20:46:48+00:00\",\"breadcrumb\":{\"@id\":\"https:\/\/soundtherapysystems.net\/?product=estimulador-de-metameras-terapia-de-neuroestimulacion#breadcrumb\"},\"inLanguage\":\"es\",\"potentialAction\":[{\"@type\":\"ReadAction\",\"target\":[\"https:\/\/soundtherapysystems.net\/?product=estimulador-de-metameras-terapia-de-neuroestimulacion\"]}]},{\"@type\":\"ImageObject\",\"inLanguage\":\"es\",\"@id\":\"https:\/\/soundtherapysystems.net\/?product=estimulador-de-metameras-terapia-de-neuroestimulacion#primaryimage\",\"url\":\"https:\/\/soundtherapysystems.net\/wp-content\/uploads\/2025\/03\/images10.jpg\",\"contentUrl\":\"https:\/\/soundtherapysystems.net\/wp-content\/uploads\/2025\/03\/images10.jpg\",\"width\":225,\"height\":225},{\"@type\":\"BreadcrumbList\",\"@id\":\"https:\/\/soundtherapysystems.net\/?product=estimulador-de-metameras-terapia-de-neuroestimulacion#breadcrumb\",\"itemListElement\":[{\"@type\":\"ListItem\",\"position\":1,\"name\":\"Inicio\",\"item\":\"https:\/\/soundtherapysystems.net\/\"},{\"@type\":\"ListItem\",\"position\":2,\"name\":\"Tienda\",\"item\":\"https:\/\/soundtherapysystems.net\/\"},{\"@type\":\"ListItem\",\"position\":3,\"name\":\"Estimulador de Met\u00e1meras \u2013 Terapia de Neuroestimulaci\u00f3n\"}]},{\"@type\":\"WebSite\",\"@id\":\"https:\/\/soundtherapysystems.net\/#website\",\"url\":\"https:\/\/soundtherapysystems.net\/\",\"name\":\"Sound Therapy Systems\",\"description\":\"Equipos Especializados en Sonoterapia \u2013 The Healing Sound\",\"publisher\":{\"@id\":\"https:\/\/soundtherapysystems.net\/#organization\"},\"potentialAction\":[{\"@type\":\"SearchAction\",\"target\":{\"@type\":\"EntryPoint\",\"urlTemplate\":\"https:\/\/soundtherapysystems.net\/?s={search_term_string}\"},\"query-input\":{\"@type\":\"PropertyValueSpecification\",\"valueRequired\":true,\"valueName\":\"search_term_string\"}}],\"inLanguage\":\"es\"},{\"@type\":\"Organization\",\"@id\":\"https:\/\/soundtherapysystems.net\/#organization\",\"name\":\"Sound Therapy Systems\",\"url\":\"https:\/\/soundtherapysystems.net\/\",\"logo\":{\"@type\":\"ImageObject\",\"inLanguage\":\"es\",\"@id\":\"https:\/\/soundtherapysystems.net\/#\/schema\/logo\/image\/\",\"url\":\"https:\/\/soundtherapysystems.net\/wp-content\/uploads\/2025\/03\/cropped-logo-large.png\",\"contentUrl\":\"https:\/\/soundtherapysystems.net\/wp-content\/uploads\/2025\/03\/cropped-logo-large.png\",\"width\":963,\"height\":287,\"caption\":\"Sound Therapy Systems\"},\"image\":{\"@id\":\"https:\/\/soundtherapysystems.net\/#\/schema\/logo\/image\/\"}}]}<\/script>\n<!-- \/ Yoast SEO plugin. -->","yoast_head_json":{"title":"Estimulador de Met\u00e1meras \u2013 Terapia de Neuroestimulaci\u00f3n - Sound Therapy Systems","robots":{"index":"index","follow":"follow","max-snippet":"max-snippet:-1","max-image-preview":"max-image-preview:large","max-video-preview":"max-video-preview:-1"},"canonical":"https:\/\/soundtherapysystems.net\/?product=estimulador-de-metameras-terapia-de-neuroestimulacion","og_locale":"es_MX","og_type":"article","og_title":"Estimulador de Met\u00e1meras \u2013 Terapia de Neuroestimulaci\u00f3n - Sound Therapy Systems","og_description":"El estimulador de met\u00e1meras es una herramienta especializada en terapia neurometam\u00e9rica, utilizada para activar puntos espec\u00edficos del sistema nervioso que influyen en la funci\u00f3n muscular, circulatoria y visceral. Su uso es ideal para fisioterapia, rehabilitaci\u00f3n y t\u00e9cnicas de neuroestimulaci\u00f3n, proporcionando alivio en casos de dolor cr\u00f3nico, tensi\u00f3n muscular y desbalances funcionales.","og_url":"https:\/\/soundtherapysystems.net\/?product=estimulador-de-metameras-terapia-de-neuroestimulacion","og_site_name":"Sound Therapy Systems","article_modified_time":"2025-06-22T20:46:48+00:00","og_image":[{"width":225,"height":225,"url":"https:\/\/soundtherapysystems.net\/wp-content\/uploads\/2025\/03\/images10.jpg","type":"image\/jpeg"}],"twitter_card":"summary_large_image","twitter_misc":{"Tiempo de lectura":"1 minuto"},"schema":{"@context":"https:\/\/schema.org","@graph":[{"@type":"WebPage","@id":"https:\/\/soundtherapysystems.net\/?product=estimulador-de-metameras-terapia-de-neuroestimulacion","url":"https:\/\/soundtherapysystems.net\/?product=estimulador-de-metameras-terapia-de-neuroestimulacion","name":"Estimulador de Met\u00e1meras \u2013 Terapia de Neuroestimulaci\u00f3n - Sound Therapy Systems","isPartOf":{"@id":"https:\/\/soundtherapysystems.net\/#website"},"primaryImageOfPage":{"@id":"https:\/\/soundtherapysystems.net\/?product=estimulador-de-metameras-terapia-de-neuroestimulacion#primaryimage"},"image":{"@id":"https:\/\/soundtherapysystems.net\/?product=estimulador-de-metameras-terapia-de-neuroestimulacion#primaryimage"},"thumbnailUrl":"https:\/\/soundtherapysystems.net\/wp-content\/uploads\/2025\/03\/images10.jpg","datePublished":"2025-03-19T02:08:29+00:00","dateModified":"2025-06-22T20:46:48+00:00","breadcrumb":{"@id":"https:\/\/soundtherapysystems.net\/?product=estimulador-de-metameras-terapia-de-neuroestimulacion#breadcrumb"},"inLanguage":"es","potentialAction":[{"@type":"ReadAction","target":["https:\/\/soundtherapysystems.net\/?product=estimulador-de-metameras-terapia-de-neuroestimulacion"]}]},{"@type":"ImageObject","inLanguage":"es","@id":"https:\/\/soundtherapysystems.net\/?product=estimulador-de-metameras-terapia-de-neuroestimulacion#primaryimage","url":"https:\/\/soundtherapysystems.net\/wp-content\/uploads\/2025\/03\/images10.jpg","contentUrl":"https:\/\/soundtherapysystems.net\/wp-content\/uploads\/2025\/03\/images10.jpg","width":225,"height":225},{"@type":"BreadcrumbList","@id":"https:\/\/soundtherapysystems.net\/?product=estimulador-de-metameras-terapia-de-neuroestimulacion#breadcrumb","itemListElement":[{"@type":"ListItem","position":1,"name":"Inicio","item":"https:\/\/soundtherapysystems.net\/"},{"@type":"ListItem","position":2,"name":"Tienda","item":"https:\/\/soundtherapysystems.net\/"},{"@type":"ListItem","position":3,"name":"Estimulador de Met\u00e1meras \u2013 Terapia de Neuroestimulaci\u00f3n"}]},{"@type":"WebSite","@id":"https:\/\/soundtherapysystems.net\/#website","url":"https:\/\/soundtherapysystems.net\/","name":"Sound Therapy Systems","description":"Equipos Especializados en Sonoterapia \u2013 The Healing Sound","publisher":{"@id":"https:\/\/soundtherapysystems.net\/#organization"},"potentialAction":[{"@type":"SearchAction","target":{"@type":"EntryPoint","urlTemplate":"https:\/\/soundtherapysystems.net\/?s={search_term_string}"},"query-input":{"@type":"PropertyValueSpecification","valueRequired":true,"valueName":"search_term_string"}}],"inLanguage":"es"},{"@type":"Organization","@id":"https:\/\/soundtherapysystems.net\/#organization","name":"Sound Therapy Systems","url":"https:\/\/soundtherapysystems.net\/","logo":{"@type":"ImageObject","inLanguage":"es","@id":"https:\/\/soundtherapysystems.net\/#\/schema\/logo\/image\/","url":"https:\/\/soundtherapysystems.net\/wp-content\/uploads\/2025\/03\/cropped-logo-large.png","contentUrl":"https:\/\/soundtherapysystems.net\/wp-content\/uploads\/2025\/03\/cropped-logo-large.png","width":963,"height":287,"caption":"Sound Therapy Systems"},"image":{"@id":"https:\/\/soundtherapysystems.net\/#\/schema\/logo\/image\/"}}]}},"jetpack_sharing_enabled":true,"_links":{"self":[{"href":"https:\/\/soundtherapysystems.net\/index.php?rest_route=\/wp\/v2\/product\/120","targetHints":{"allow":["GET"]}}],"collection":[{"href":"https:\/\/soundtherapysystems.net\/index.php?rest_route=\/wp\/v2\/product"}],"about":[{"href":"https:\/\/soundtherapysystems.net\/index.php?rest_route=\/wp\/v2\/types\/product"}],"replies":[{"embeddable":true,"href":"https:\/\/soundtherapysystems.net\/index.php?rest_route=%2Fwp%2Fv2%2Fcomments&post=120"}],"wp:featuredmedia":[{"embeddable":true,"href":"https:\/\/soundtherapysystems.net\/index.php?rest_route=\/wp\/v2\/media\/121"}],"wp:attachment":[{"href":"https:\/\/soundtherapysystems.net\/index.php?rest_route=%2Fwp%2Fv2%2Fmedia&parent=120"}],"wp:term":[{"taxonomy":"product_brand","embeddable":true,"href":"https:\/\/soundtherapysystems.net\/index.php?rest_route=%2Fwp%2Fv2%2Fproduct_brand&post=120"},{"taxonomy":"product_cat","embeddable":true,"href":"https:\/\/soundtherapysystems.net\/index.php?rest_route=%2Fwp%2Fv2%2Fproduct_cat&post=120"},{"taxonomy":"product_tag","embeddable":true,"href":"https:\/\/soundtherapysystems.net\/index.php?rest_route=%2Fwp%2Fv2%2Fproduct_tag&post=120"}],"curies":[{"name":"wp","href":"https:\/\/api.w.org\/{rel}","templated":true}]}}